{"id":65619,"date":"2026-04-14T16:12:02","date_gmt":"2026-04-14T14:12:02","guid":{"rendered":"https:\/\/tiare-guidelois.fr\/site\/?page_id=65619"},"modified":"2026-04-14T17:25:33","modified_gmt":"2026-04-14T15:25:33","slug":"les-benevoles","status":"publish","type":"page","link":"https:\/\/tiare-guidelois.fr\/site\/les-benevoles\/","title":{"rendered":"LES B\u00c9N\u00c9VOLES"},"content":{"rendered":"\t\t<div data-elementor-type=\"wp-page\" data-elementor-id=\"65619\" class=\"elementor elementor-65619\" data-elementor-settings=\"{&quot;ha_cmc_init_switcher&quot;:&quot;no&quot;}\" data-elementor-post-type=\"page\">\n\t\t\t\t<div class=\"elementor-element elementor-element-2f62820 e-flex e-con-boxed e-con e-parent\" data-id=\"2f62820\" data-element_type=\"container\" data-e-type=\"container\" data-settings=\"{&quot;_ha_eqh_enable&quot;:false}\">\n\t\t\t\t\t<div class=\"e-con-inner\">\n\t\t<div class=\"elementor-element elementor-element-494557f e-con-full e-flex e-con e-child\" data-id=\"494557f\" data-element_type=\"container\" data-e-type=\"container\" data-settings=\"{&quot;_ha_eqh_enable&quot;:false}\">\n\t\t\t\t<div class=\"elementor-element elementor-element-8ca2fcc elementor-widget elementor-widget-text-editor\" data-id=\"8ca2fcc\" data-element_type=\"widget\" data-e-type=\"widget\" data-widget_type=\"text-editor.default\">\n\t\t\t\t\t\t\t\t\t<p><span style=\"font-size: 18pt; font-family: tahoma, arial, helvetica, sans-serif;\">Comme dans toute association, nous devons pouvoir compter sur la participation active de ses adh\u00e9rents.<\/span><\/p><p><span style=\"font-size: 18pt; font-family: tahoma, arial, helvetica, sans-serif;\">A l&rsquo;occasion de la Polyn\u00e9Celte 4, divers postes sont propos\u00e9s pour l&rsquo;organisation.<\/span><\/p><p><span style=\"font-family: tahoma, arial, helvetica, sans-serif; font-size: 24pt; color: #ff6600;\">R\u00e9unions d&rsquo;information pr\u00e9vues les samedis 23 mai et 06 juin.<\/span><\/p><p><span style=\"font-size: 18pt; font-family: tahoma, arial, helvetica, sans-serif;\">Merci pour votre contribution.<\/span><\/p>\t\t\t\t\t\t\t\t<\/div>\n\t\t\t\t<\/div>\n\t\t\t\t<div class=\"elementor-element elementor-element-be980c3 elementor-button-align-stretch elementor-widget elementor-widget-form\" data-id=\"be980c3\" data-element_type=\"widget\" data-e-type=\"widget\" data-settings=\"{&quot;step_next_label&quot;:&quot;Suivant&quot;,&quot;step_previous_label&quot;:&quot;Pr\\u00e9c\\u00e9dent&quot;,&quot;button_width&quot;:&quot;100&quot;,&quot;step_type&quot;:&quot;number_text&quot;,&quot;step_icon_shape&quot;:&quot;circle&quot;}\" data-widget_type=\"form.default\">\n\t\t\t\t\t\t\t<form class=\"elementor-form\" method=\"post\" name=\"B\u00e9n\u00e9voles Polyn\u00e9Celte\" aria-label=\"B\u00e9n\u00e9voles Polyn\u00e9Celte\">\n\t\t\t<input type=\"hidden\" name=\"post_id\" value=\"65619\"\/>\n\t\t\t<input type=\"hidden\" name=\"form_id\" value=\"be980c3\"\/>\n\t\t\t<input type=\"hidden\" name=\"referer_title\" value=\"LES B\u00c9N\u00c9VOLES\" \/>\n\n\t\t\t\t\t\t\t<input type=\"hidden\" name=\"queried_id\" value=\"65619\"\/>\n\t\t\t\n\t\t\t<div class=\"elementor-form-fields-wrapper elementor-labels-above\">\n\t\t\t\t\t\t\t\t<div class=\"elementor-field-type-text elementor-field-group elementor-column elementor-field-group-name elementor-col-50 elementor-field-required\">\n\t\t\t\t\t\t\t\t\t\t\t\t<label for=\"form-field-name\" class=\"elementor-field-label\">\n\t\t\t\t\t\t\t\tPr\u00e9nom et Nom\t\t\t\t\t\t\t<\/label>\n\t\t\t\t\t\t\t\t\t\t\t\t\t\t<input size=\"1\" type=\"text\" name=\"form_fields[name]\" id=\"form-field-name\" class=\"elementor-field elementor-size-sm  elementor-field-textual\" required=\"required\">\n\t\t\t\t\t\t\t\t\t\t\t<\/div>\n\t\t\t\t\t\t\t\t<div class=\"elementor-field-type-textarea elementor-field-group elementor-column elementor-field-group-field_185a2ca elementor-col-50 elementor-field-required\">\n\t\t\t\t\t\t\t\t\t\t\t\t<label for=\"form-field-field_185a2ca\" class=\"elementor-field-label\">\n\t\t\t\t\t\t\t\tT\u00e9l\u00e9phone\t\t\t\t\t\t\t<\/label>\n\t\t\t\t\t\t<textarea class=\"elementor-field-textual elementor-field  elementor-size-sm\" name=\"form_fields[field_185a2ca]\" id=\"form-field-field_185a2ca\" rows=\"4\" required=\"required\"><\/textarea>\t\t\t\t<\/div>\n\t\t\t\t\t\t\t\t<div class=\"elementor-field-type-email elementor-field-group elementor-column elementor-field-group-email elementor-col-50 elementor-field-required\">\n\t\t\t\t\t\t\t\t\t\t\t\t<label for=\"form-field-email\" class=\"elementor-field-label\">\n\t\t\t\t\t\t\t\tE-mail\t\t\t\t\t\t\t<\/label>\n\t\t\t\t\t\t\t\t\t\t\t\t\t\t<input size=\"1\" type=\"email\" name=\"form_fields[email]\" id=\"form-field-email\" class=\"elementor-field elementor-size-sm  elementor-field-textual\" placeholder=\"E-mail\" required=\"required\">\n\t\t\t\t\t\t\t\t\t\t\t<\/div>\n\t\t\t\t\t\t\t\t<div class=\"elementor-field-type-textarea elementor-field-group elementor-column elementor-field-group-message elementor-col-50\">\n\t\t\t\t\t\t\t\t\t\t\t\t<label for=\"form-field-message\" class=\"elementor-field-label\">\n\t\t\t\t\t\t\t\tMessage\t\t\t\t\t\t\t<\/label>\n\t\t\t\t\t\t<textarea class=\"elementor-field-textual elementor-field  elementor-size-sm\" name=\"form_fields[message]\" id=\"form-field-message\" rows=\"4\" placeholder=\"Message\"><\/textarea>\t\t\t\t<\/div>\n\t\t\t\t\t\t\t\t<div class=\"elementor-field-type-checkbox elementor-field-group elementor-column elementor-field-group-field_505ede8 elementor-col-100\">\n\t\t\t\t\t<div class=\"elementor-field-subgroup  \"><span class=\"elementor-field-option\"><input type=\"checkbox\" value=\"Installation (samedi 13 le matin - horaire \u00e0 pr\u00e9ciser - vahin\u00e9s et tan\u00e9s dispo)\" id=\"form-field-field_505ede8-0\" name=\"form_fields[field_505ede8][]\"> <label for=\"form-field-field_505ede8-0\">Installation (samedi 13 le matin - horaire \u00e0 pr\u00e9ciser - vahin\u00e9s et tan\u00e9s dispo)<\/label><\/span><span class=\"elementor-field-option\"><input type=\"checkbox\" value=\"D\u00e9coration (samedi 13 - 14h00 l&#039;apr\u00e8s-midi - vahin\u00e9s et tan\u00e9s dispo)\" id=\"form-field-field_505ede8-1\" name=\"form_fields[field_505ede8][]\"> <label for=\"form-field-field_505ede8-1\">D\u00e9coration (samedi 13 - 14h00 l'apr\u00e8s-midi - vahin\u00e9s et tan\u00e9s dispo)<\/label><\/span><span class=\"elementor-field-option\"><input type=\"checkbox\" value=\"Pr\u00e9paration (dimanche 14 - 8h30 - vahin\u00e9s et tan\u00e9s dispo)\" id=\"form-field-field_505ede8-2\" name=\"form_fields[field_505ede8][]\"> <label for=\"form-field-field_505ede8-2\">Pr\u00e9paration (dimanche 14 - 8h30 - vahin\u00e9s et tan\u00e9s dispo)<\/label><\/span><span class=\"elementor-field-option\"><input type=\"checkbox\" value=\"Accompagnement des exposants (samedi et dimanche - 2 pers)\" id=\"form-field-field_505ede8-3\" name=\"form_fields[field_505ede8][]\"> <label for=\"form-field-field_505ede8-3\">Accompagnement des exposants (samedi et dimanche - 2 pers)<\/label><\/span><span class=\"elementor-field-option\"><input type=\"checkbox\" value=\"Accueil (dimanche 14  - 9h00 - 4 vahin\u00e9s)\" id=\"form-field-field_505ede8-4\" name=\"form_fields[field_505ede8][]\"> <label for=\"form-field-field_505ede8-4\">Accueil (dimanche 14  - 9h00 - 4 vahin\u00e9s)<\/label><\/span><span class=\"elementor-field-option\"><input type=\"checkbox\" value=\"Pr\u00e9paration danseuses Tamahin\u00e9s (dimanche 14 - parents)\" id=\"form-field-field_505ede8-5\" name=\"form_fields[field_505ede8][]\"> <label for=\"form-field-field_505ede8-5\">Pr\u00e9paration danseuses Tamahin\u00e9s (dimanche 14 - parents)<\/label><\/span><span class=\"elementor-field-option\"><input type=\"checkbox\" value=\"Bar - service boisson (dimanche 14 - 9h00 - 6 tan\u00e9s)\" id=\"form-field-field_505ede8-6\" name=\"form_fields[field_505ede8][]\"> <label for=\"form-field-field_505ede8-6\">Bar - service boisson (dimanche 14 - 9h00 - 6 tan\u00e9s)<\/label><\/span><span class=\"elementor-field-option\"><input type=\"checkbox\" value=\"Cuisine - Service \u00e0 table (dimanche 14 - vahin\u00e9s et tan\u00e9s dispo)\" id=\"form-field-field_505ede8-7\" name=\"form_fields[field_505ede8][]\"> <label for=\"form-field-field_505ede8-7\">Cuisine - Service \u00e0 table (dimanche 14 - vahin\u00e9s et tan\u00e9s dispo)<\/label><\/span><span class=\"elementor-field-option\"><input type=\"checkbox\" value=\"Nettoyage (dimanche 14 - vahin\u00e9s et tan\u00e9s dispo)\" id=\"form-field-field_505ede8-8\" name=\"form_fields[field_505ede8][]\"> <label for=\"form-field-field_505ede8-8\">Nettoyage (dimanche 14 - vahin\u00e9s et tan\u00e9s dispo)<\/label><\/span><\/div>\t\t\t\t<\/div>\n\t\t\t\t\t\t\t\t<div class=\"elementor-field-group elementor-column elementor-field-type-submit elementor-col-100 e-form__buttons\">\n\t\t\t\t\t<button class=\"elementor-button elementor-size-sm\" type=\"submit\">\n\t\t\t\t\t\t<span class=\"elementor-button-content-wrapper\">\n\t\t\t\t\t\t\t\t\t\t\t\t\t\t\t\t\t\t\t\t\t\t<span class=\"elementor-button-text\">Envoyer<\/span>\n\t\t\t\t\t\t\t\t\t\t\t\t\t<\/span>\n\t\t\t\t\t<\/button>\n\t\t\t\t<\/div>\n\t\t\t<\/div>\n\t\t<\/form>\n\t\t\t\t\t\t<\/div>\n\t\t\t\t\t<\/div>\n\t\t\t\t<\/div>\n\t\t<div class=\"elementor-element elementor-element-2a39a48 e-flex e-con-boxed e-con e-parent\" data-id=\"2a39a48\" data-element_type=\"container\" data-e-type=\"container\" data-settings=\"{&quot;_ha_eqh_enable&quot;:false}\">\n\t\t\t\t\t<div class=\"e-con-inner\">\n\t\t\t\t\t<\/div>\n\t\t\t\t<\/div>\n\t\t\t\t<\/div>\n\t\t","protected":false},"excerpt":{"rendered":"<p>Comme dans toute association, nous devons pouvoir compter sur la participation active de ses adh\u00e9rents. A l&rsquo;occasion de la Polyn\u00e9Celte 4, divers postes sont propos\u00e9s pour l&rsquo;organisation. R\u00e9unions d&rsquo;information pr\u00e9vues [&hellip;]<\/p>\n","protected":false},"author":1,"featured_media":0,"parent":0,"menu_order":0,"comment_status":"closed","ping_status":"closed","template":"","meta":{"ngg_post_thumbnail":0,"footnotes":""},"class_list":["post-65619","page","type-page","status-publish","hentry"],"_links":{"self":[{"href":"https:\/\/tiare-guidelois.fr\/site\/wp-json\/wp\/v2\/pages\/65619","targetHints":{"allow":["GET"]}}],"collection":[{"href":"https:\/\/tiare-guidelois.fr\/site\/wp-json\/wp\/v2\/pages"}],"about":[{"href":"https:\/\/tiare-guidelois.fr\/site\/wp-json\/wp\/v2\/types\/page"}],"author":[{"embeddable":true,"href":"https:\/\/tiare-guidelois.fr\/site\/wp-json\/wp\/v2\/users\/1"}],"replies":[{"embeddable":true,"href":"https:\/\/tiare-guidelois.fr\/site\/wp-json\/wp\/v2\/comments?post=65619"}],"version-history":[{"count":19,"href":"https:\/\/tiare-guidelois.fr\/site\/wp-json\/wp\/v2\/pages\/65619\/revisions"}],"predecessor-version":[{"id":65664,"href":"https:\/\/tiare-guidelois.fr\/site\/wp-json\/wp\/v2\/pages\/65619\/revisions\/65664"}],"wp:attachment":[{"href":"https:\/\/tiare-guidelois.fr\/site\/wp-json\/wp\/v2\/media?parent=65619"}],"curies":[{"name":"wp","href":"https:\/\/api.w.org\/{rel}","templated":true}]}}