{"id":65605,"date":"2026-04-14T15:52:50","date_gmt":"2026-04-14T13:52:50","guid":{"rendered":"https:\/\/tiare-guidelois.fr\/site\/?page_id=65605"},"modified":"2026-04-14T19:28:35","modified_gmt":"2026-04-14T17:28:35","slug":"inscription-polynecelte-4","status":"publish","type":"page","link":"https:\/\/tiare-guidelois.fr\/site\/inscription-polynecelte-4\/","title":{"rendered":"INSCRIPTION POLYN\u00c9CELTE 4"},"content":{"rendered":"\t\t<div data-elementor-type=\"wp-page\" data-elementor-id=\"65605\" class=\"elementor elementor-65605\" data-elementor-settings=\"{&quot;ha_cmc_init_switcher&quot;:&quot;no&quot;}\" data-elementor-post-type=\"page\">\n\t\t\t\t<div class=\"elementor-element elementor-element-6594dd3 e-flex e-con-boxed e-con e-parent\" data-id=\"6594dd3\" data-element_type=\"container\" data-e-type=\"container\" data-settings=\"{&quot;_ha_eqh_enable&quot;:false}\">\n\t\t\t\t\t<div class=\"e-con-inner\">\n\t\t<div class=\"elementor-element elementor-element-008dc14 e-con-full e-flex e-con e-child\" data-id=\"008dc14\" data-element_type=\"container\" data-e-type=\"container\" data-settings=\"{&quot;_ha_eqh_enable&quot;:false}\">\n\t\t\t\t<div class=\"elementor-element elementor-element-07e286a elementor-widget elementor-widget-heading\" data-id=\"07e286a\" data-element_type=\"widget\" data-e-type=\"widget\" data-widget_type=\"heading.default\">\n\t\t\t\t\t<h2 class=\"elementor-heading-title elementor-size-default\">Les apports ext\u00e9rieurs de boisson et nourriture ne sont pas accept\u00e9s (sauf pour les enfants  - 4 ans)<\/h2>\t\t\t\t<\/div>\n\t\t\t\t<\/div>\n\t\t<div class=\"elementor-element elementor-element-b19929d e-con-full e-flex e-con e-child\" data-id=\"b19929d\" data-element_type=\"container\" data-e-type=\"container\" data-settings=\"{&quot;_ha_eqh_enable&quot;:false}\">\n\t\t\t\t<div class=\"elementor-element elementor-element-5c2282d elementor-view-default elementor-position-block-start elementor-mobile-position-block-start ha-has-bg-overlay elementor-widget elementor-widget-icon-box\" data-id=\"5c2282d\" data-element_type=\"widget\" data-e-type=\"widget\" data-widget_type=\"icon-box.default\">\n\t\t\t\t\t\t\t<div class=\"elementor-icon-box-wrapper\">\n\n\t\t\t\t\t\t<div class=\"elementor-icon-box-icon\">\n\t\t\t\t<span  class=\"elementor-icon\">\n\t\t\t\t<svg aria-hidden=\"true\" class=\"e-font-icon-svg e-fas-euro-sign\" viewBox=\"0 0 320 512\" xmlns=\"http:\/\/www.w3.org\/2000\/svg\"><path d=\"M310.706 413.765c-1.314-6.63-7.835-10.872-14.424-9.369-10.692 2.439-27.422 5.413-45.426 5.413-56.763 0-101.929-34.79-121.461-85.449h113.689a12 12 0 0 0 11.708-9.369l6.373-28.36c1.686-7.502-4.019-14.631-11.708-14.631H115.22c-1.21-14.328-1.414-28.287.137-42.245H261.95a12 12 0 0 0 11.723-9.434l6.512-29.755c1.638-7.484-4.061-14.566-11.723-14.566H130.184c20.633-44.991 62.69-75.03 117.619-75.03 14.486 0 28.564 2.25 37.851 4.145 6.216 1.268 12.347-2.498 14.002-8.623l11.991-44.368c1.822-6.741-2.465-13.616-9.326-14.917C290.217 34.912 270.71 32 249.635 32 152.451 32 74.03 92.252 45.075 176H12c-6.627 0-12 5.373-12 12v29.755c0 6.627 5.373 12 12 12h21.569c-1.009 13.607-1.181 29.287-.181 42.245H12c-6.627 0-12 5.373-12 12v28.36c0 6.627 5.373 12 12 12h30.114C67.139 414.692 145.264 480 249.635 480c26.301 0 48.562-4.544 61.101-7.788 6.167-1.595 10.027-7.708 8.788-13.957l-8.818-44.49z\"><\/path><\/svg>\t\t\t\t<\/span>\n\t\t\t<\/div>\n\t\t\t\n\t\t\t\t\t\t<div class=\"elementor-icon-box-content\">\n\n\t\t\t\t\t\t\t\t\t<h3 class=\"elementor-icon-box-title\">\n\t\t\t\t\t\t<span  >\n\t\t\t\t\t\t\tTARIFS\t\t\t\t\t\t<\/span>\n\t\t\t\t\t<\/h3>\n\t\t\t\t\n\t\t\t\t\t\t\t\t\t<p class=\"elementor-icon-box-description\">\n\t\t\t\t\t\tRepas Adulte = 25\u20ac - Repas - de 12 ans = 15\u20ac - Plat \u00e0 emporter = 17\u20ac - Suppl\u00e9ment de 2\u20ac pour toute inscription apr\u00e8s le 1er juin.<br>\nMenu adapt\u00e9 sous conditions\t\t\t\t\t<\/p>\n\t\t\t\t\n\t\t\t<\/div>\n\t\t\t\n\t\t<\/div>\n\t\t\t\t\t\t<\/div>\n\t\t\t\t<\/div>\n\t\t\t\t\t<\/div>\n\t\t\t\t<\/div>\n\t\t<div class=\"elementor-element elementor-element-6afc3f6 e-flex e-con-boxed e-con e-parent\" data-id=\"6afc3f6\" data-element_type=\"container\" data-e-type=\"container\" data-settings=\"{&quot;_ha_eqh_enable&quot;:false}\">\n\t\t\t\t\t<div class=\"e-con-inner\">\n\t\t<div class=\"elementor-element elementor-element-87d8774 e-con-full e-flex e-con e-child\" data-id=\"87d8774\" data-element_type=\"container\" data-e-type=\"container\" data-settings=\"{&quot;_ha_eqh_enable&quot;:false}\">\n\t\t\t\t<div class=\"elementor-element elementor-element-b0fc8a4 elementor-button-align-stretch elementor-widget elementor-widget-form\" data-id=\"b0fc8a4\" data-element_type=\"widget\" data-e-type=\"widget\" data-settings=\"{&quot;step_next_label&quot;:&quot;Suivant&quot;,&quot;step_previous_label&quot;:&quot;Pr\\u00e9c\\u00e9dent&quot;,&quot;button_width&quot;:&quot;100&quot;,&quot;step_type&quot;:&quot;number_text&quot;,&quot;step_icon_shape&quot;:&quot;circle&quot;}\" data-widget_type=\"form.default\">\n\t\t\t\t\t\t\t<form class=\"elementor-form\" method=\"post\" name=\"Nouveau formulaire\" aria-label=\"Nouveau formulaire\">\n\t\t\t<input type=\"hidden\" name=\"post_id\" value=\"65605\"\/>\n\t\t\t<input type=\"hidden\" name=\"form_id\" value=\"b0fc8a4\"\/>\n\t\t\t<input type=\"hidden\" name=\"referer_title\" value=\"INSCRIPTION POLYN\u00c9CELTE 4\" \/>\n\n\t\t\t\t\t\t\t<input type=\"hidden\" name=\"queried_id\" value=\"65605\"\/>\n\t\t\t\n\t\t\t<div class=\"elementor-form-fields-wrapper elementor-labels-above\">\n\t\t\t\t\t\t\t\t<div class=\"elementor-field-type-text elementor-field-group elementor-column elementor-field-group-name elementor-col-100 elementor-field-required elementor-mark-required\">\n\t\t\t\t\t\t\t\t\t\t\t\t<label for=\"form-field-name\" class=\"elementor-field-label\">\n\t\t\t\t\t\t\t\tNom et Pr\u00e9nom du repr\u00e9sentant\t\t\t\t\t\t\t<\/label>\n\t\t\t\t\t\t\t\t\t\t\t\t\t\t<input size=\"1\" type=\"text\" name=\"form_fields[name]\" id=\"form-field-name\" class=\"elementor-field elementor-size-sm  elementor-field-textual\" required=\"required\">\n\t\t\t\t\t\t\t\t\t\t\t<\/div>\n\t\t\t\t\t\t\t\t<div class=\"elementor-field-type-email elementor-field-group elementor-column elementor-field-group-email elementor-col-100 elementor-field-required elementor-mark-required\">\n\t\t\t\t\t\t\t\t\t\t\t\t<label for=\"form-field-email\" class=\"elementor-field-label\">\n\t\t\t\t\t\t\t\tE-mail\t\t\t\t\t\t\t<\/label>\n\t\t\t\t\t\t\t\t\t\t\t\t\t\t<input size=\"1\" type=\"email\" name=\"form_fields[email]\" id=\"form-field-email\" class=\"elementor-field elementor-size-sm  elementor-field-textual\" placeholder=\"E-mail\" required=\"required\">\n\t\t\t\t\t\t\t\t\t\t\t<\/div>\n\t\t\t\t\t\t\t\t<div class=\"elementor-field-type-textarea elementor-field-group elementor-column elementor-field-group-message elementor-col-100 elementor-field-required elementor-mark-required\">\n\t\t\t\t\t\t\t\t\t\t\t\t<label for=\"form-field-message\" class=\"elementor-field-label\">\n\t\t\t\t\t\t\t\tListes des participants \t\t\t\t\t\t\t<\/label>\n\t\t\t\t\t\t<textarea class=\"elementor-field-textual elementor-field  elementor-size-sm\" name=\"form_fields[message]\" id=\"form-field-message\" rows=\"4\" placeholder=\"Noms et Pr\u00e9noms + t\u00e9l\" required=\"required\"><\/textarea>\t\t\t\t<\/div>\n\t\t\t\t\t\t\t\t<div class=\"elementor-field-type-textarea elementor-field-group elementor-column elementor-field-group-field_8f84fc1 elementor-col-100 elementor-field-required elementor-mark-required\">\n\t\t\t\t\t\t\t\t\t\t\t\t<label for=\"form-field-field_8f84fc1\" class=\"elementor-field-label\">\n\t\t\t\t\t\t\t\tChoix de vos places\t\t\t\t\t\t\t<\/label>\n\t\t\t\t\t\t<textarea class=\"elementor-field-textual elementor-field  elementor-size-sm\" name=\"form_fields[field_8f84fc1]\" id=\"form-field-field_8f84fc1\" rows=\"4\" placeholder=\"Suivant disponibilit\u00e9 du plan de tables (voir ci-dessous)\" required=\"required\"><\/textarea>\t\t\t\t<\/div>\n\t\t\t\t\t\t\t\t<div class=\"elementor-field-type-checkbox elementor-field-group elementor-column elementor-field-group-field_d516b5d elementor-col-100\">\n\t\t\t\t\t\t\t\t\t\t\t\t<label for=\"form-field-field_d516b5d\" class=\"elementor-field-label\">\n\t\t\t\t\t\t\t\tRepas Adulte : 25\u20ac\t\t\t\t\t\t\t<\/label>\n\t\t\t\t\t\t<div class=\"elementor-field-subgroup  elementor-subgroup-inline\"><span class=\"elementor-field-option\"><input type=\"checkbox\" value=\"0\" id=\"form-field-field_d516b5d-0\" name=\"form_fields[field_d516b5d][]\"> <label for=\"form-field-field_d516b5d-0\">0<\/label><\/span><span class=\"elementor-field-option\"><input type=\"checkbox\" value=\"1\" id=\"form-field-field_d516b5d-1\" name=\"form_fields[field_d516b5d][]\"> <label for=\"form-field-field_d516b5d-1\">1<\/label><\/span><span class=\"elementor-field-option\"><input type=\"checkbox\" value=\"2\" id=\"form-field-field_d516b5d-2\" name=\"form_fields[field_d516b5d][]\"> <label for=\"form-field-field_d516b5d-2\">2<\/label><\/span><span class=\"elementor-field-option\"><input type=\"checkbox\" value=\"3\" id=\"form-field-field_d516b5d-3\" name=\"form_fields[field_d516b5d][]\"> <label for=\"form-field-field_d516b5d-3\">3<\/label><\/span><span class=\"elementor-field-option\"><input type=\"checkbox\" value=\"4\" id=\"form-field-field_d516b5d-4\" name=\"form_fields[field_d516b5d][]\"> <label for=\"form-field-field_d516b5d-4\">4<\/label><\/span><span class=\"elementor-field-option\"><input type=\"checkbox\" value=\"5\" id=\"form-field-field_d516b5d-5\" name=\"form_fields[field_d516b5d][]\"> <label for=\"form-field-field_d516b5d-5\">5<\/label><\/span><\/div>\t\t\t\t<\/div>\n\t\t\t\t\t\t\t\t<div class=\"elementor-field-type-checkbox elementor-field-group elementor-column elementor-field-group-field_23b1bd6 elementor-col-100\">\n\t\t\t\t\t\t\t\t\t\t\t\t<label for=\"form-field-field_23b1bd6\" class=\"elementor-field-label\">\n\t\t\t\t\t\t\t\tRepas Enfant -12 ans : 15\u20ac\t\t\t\t\t\t\t<\/label>\n\t\t\t\t\t\t<div class=\"elementor-field-subgroup  elementor-subgroup-inline\"><span class=\"elementor-field-option\"><input type=\"checkbox\" value=\"0\" id=\"form-field-field_23b1bd6-0\" name=\"form_fields[field_23b1bd6][]\"> <label for=\"form-field-field_23b1bd6-0\">0<\/label><\/span><span class=\"elementor-field-option\"><input type=\"checkbox\" value=\"1\" id=\"form-field-field_23b1bd6-1\" name=\"form_fields[field_23b1bd6][]\"> <label for=\"form-field-field_23b1bd6-1\">1<\/label><\/span><span class=\"elementor-field-option\"><input type=\"checkbox\" value=\"2\" id=\"form-field-field_23b1bd6-2\" name=\"form_fields[field_23b1bd6][]\"> <label for=\"form-field-field_23b1bd6-2\">2<\/label><\/span><span class=\"elementor-field-option\"><input type=\"checkbox\" value=\"3\" id=\"form-field-field_23b1bd6-3\" name=\"form_fields[field_23b1bd6][]\"> <label for=\"form-field-field_23b1bd6-3\">3<\/label><\/span><span class=\"elementor-field-option\"><input type=\"checkbox\" value=\"4\" id=\"form-field-field_23b1bd6-4\" name=\"form_fields[field_23b1bd6][]\"> <label for=\"form-field-field_23b1bd6-4\">4<\/label><\/span><span class=\"elementor-field-option\"><input type=\"checkbox\" value=\"5\" id=\"form-field-field_23b1bd6-5\" name=\"form_fields[field_23b1bd6][]\"> <label for=\"form-field-field_23b1bd6-5\">5<\/label><\/span><\/div>\t\t\t\t<\/div>\n\t\t\t\t\t\t\t\t<div class=\"elementor-field-type-checkbox elementor-field-group elementor-column elementor-field-group-field_055031f elementor-col-100\">\n\t\t\t\t\t\t\t\t\t\t\t\t<label for=\"form-field-field_055031f\" class=\"elementor-field-label\">\n\t\t\t\t\t\t\t\tEnfant -4 ans - Gratuit (repas \u00e0 pr\u00e9voir)\t\t\t\t\t\t\t<\/label>\n\t\t\t\t\t\t<div class=\"elementor-field-subgroup  elementor-subgroup-inline\"><span class=\"elementor-field-option\"><input type=\"checkbox\" value=\"0\" id=\"form-field-field_055031f-0\" name=\"form_fields[field_055031f][]\"> <label for=\"form-field-field_055031f-0\">0<\/label><\/span><span class=\"elementor-field-option\"><input type=\"checkbox\" value=\"1\" id=\"form-field-field_055031f-1\" name=\"form_fields[field_055031f][]\"> <label for=\"form-field-field_055031f-1\">1<\/label><\/span><span class=\"elementor-field-option\"><input type=\"checkbox\" value=\"2\" id=\"form-field-field_055031f-2\" name=\"form_fields[field_055031f][]\"> <label for=\"form-field-field_055031f-2\">2<\/label><\/span><span class=\"elementor-field-option\"><input type=\"checkbox\" value=\"3\" id=\"form-field-field_055031f-3\" name=\"form_fields[field_055031f][]\"> <label for=\"form-field-field_055031f-3\">3<\/label><\/span><span class=\"elementor-field-option\"><input type=\"checkbox\" value=\"4\" id=\"form-field-field_055031f-4\" name=\"form_fields[field_055031f][]\"> <label for=\"form-field-field_055031f-4\">4<\/label><\/span><span class=\"elementor-field-option\"><input type=\"checkbox\" value=\"5\" id=\"form-field-field_055031f-5\" name=\"form_fields[field_055031f][]\"> <label for=\"form-field-field_055031f-5\">5<\/label><\/span><\/div>\t\t\t\t<\/div>\n\t\t\t\t\t\t\t\t<div class=\"elementor-field-type-acceptance elementor-field-group elementor-column elementor-field-group-field_02f62f1 elementor-col-100 elementor-field-required elementor-mark-required\">\n\t\t\t\t\t\t\t<div class=\"elementor-field-subgroup\">\n\t\t\t<span class=\"elementor-field-option\">\n\t\t\t\t<input type=\"checkbox\" name=\"form_fields[field_02f62f1]\" id=\"form-field-field_02f62f1\" class=\"elementor-field elementor-size-sm  elementor-acceptance-field\" required=\"required\">\n\t\t\t\t<label for=\"form-field-field_02f62f1\">1) Information envers mes invit\u00e9s de l'article 3 du r\u00e8glement int\u00e9rieur (diffusion images et vid\u00e9os)\n<br>2) J'ai connaissance des conditions d'annulation (toute r\u00e9siliation non motiv\u00e9e entra\u00eene des frais = 17\u20ac\/pers - voir article 7 du r\u00e8glement int\u00e9rieur)\n<br>3) J'effectue mon paiement imm\u00e9diatement (pass\u00e9 48h, mon inscription n'est plus recevable)<br>\n4) MODES DE PAIEMENT POUR L'INSCRIPTION :<br> \n- Billet Web (voir ci-contre)<br>\n - Carte bancaire lors d'une pr\u00e9c\u00e9dente activit\u00e9.\n <br>- Virement bancaire privil\u00e9gi\u00e9 (IBAN fourni sur demande)<\/label>\t\t\t<\/span>\n\t\t<\/div>\n\t\t\t\t\t\t<\/div>\n\t\t\t\t\t\t\t\t<div class=\"elementor-field-type-checkbox elementor-field-group elementor-column elementor-field-group-field_5bb8dfe elementor-col-100\">\n\t\t\t\t\t\t\t\t\t\t\t\t<label for=\"form-field-field_5bb8dfe\" class=\"elementor-field-label\">\n\t\t\t\t\t\t\t\t5) MODES DE PAIEMENT accept\u00e9s :\t\t\t\t\t\t\t<\/label>\n\t\t\t\t\t\t<div class=\"elementor-field-subgroup  elementor-subgroup-inline\"><span class=\"elementor-field-option\"><input type=\"checkbox\" value=\"Billet Web (voir QR CODE ci-dessous)\" id=\"form-field-field_5bb8dfe-0\" name=\"form_fields[field_5bb8dfe][]\"> <label for=\"form-field-field_5bb8dfe-0\">Billet Web (voir QR CODE ci-dessous)<\/label><\/span><span class=\"elementor-field-option\"><input type=\"checkbox\" value=\"Carte bancaire lors d&#039;une pr\u00e9c\u00e9dente activit\u00e9. \" id=\"form-field-field_5bb8dfe-1\" name=\"form_fields[field_5bb8dfe][]\"> <label for=\"form-field-field_5bb8dfe-1\">Carte bancaire lors d'une pr\u00e9c\u00e9dente activit\u00e9. <\/label><\/span><span class=\"elementor-field-option\"><input type=\"checkbox\" value=\"Virement bancaire privil\u00e9gi\u00e9 (IBAN fourni sur demande)\" id=\"form-field-field_5bb8dfe-2\" name=\"form_fields[field_5bb8dfe][]\"> <label for=\"form-field-field_5bb8dfe-2\">Virement bancaire privil\u00e9gi\u00e9 (IBAN fourni sur demande)<\/label><\/span><\/div>\t\t\t\t<\/div>\n\t\t\t\t\t\t\t\t<div class=\"elementor-field-group elementor-column elementor-field-type-submit elementor-col-100 e-form__buttons\">\n\t\t\t\t\t<button class=\"elementor-button elementor-size-sm\" type=\"submit\">\n\t\t\t\t\t\t<span class=\"elementor-button-content-wrapper\">\n\t\t\t\t\t\t\t\t\t\t\t\t\t\t\t\t\t\t\t\t\t\t<span class=\"elementor-button-text\">Envoyer<\/span>\n\t\t\t\t\t\t\t\t\t\t\t\t\t<\/span>\n\t\t\t\t\t<\/button>\n\t\t\t\t<\/div>\n\t\t\t<\/div>\n\t\t<\/form>\n\t\t\t\t\t\t<\/div>\n\t\t\t\t<\/div>\n\t\t<div class=\"elementor-element elementor-element-d6072b6 e-con-full e-flex e-con e-child\" data-id=\"d6072b6\" data-element_type=\"container\" data-e-type=\"container\" data-settings=\"{&quot;_ha_eqh_enable&quot;:false}\">\n\t\t\t\t<div class=\"elementor-element elementor-element-368b046 elementor-widget elementor-widget-google_maps\" data-id=\"368b046\" data-element_type=\"widget\" data-e-type=\"widget\" data-widget_type=\"google_maps.default\">\n\t\t\t\t\t\t\t<div class=\"elementor-custom-embed\">\n\t\t\t<iframe loading=\"lazy\"\n\t\t\t\t\tsrc=\"https:\/\/maps.google.com\/maps?q=Restaurant%20scolaire%20kerprat%2056%20guidel&#038;t=m&#038;z=14&#038;output=embed&#038;iwloc=near\"\n\t\t\t\t\ttitle=\"Restaurant scolaire kerprat 56 guidel\"\n\t\t\t\t\taria-label=\"Restaurant scolaire kerprat 56 guidel\"\n\t\t\t><\/iframe>\n\t\t<\/div>\n\t\t\t\t\t\t<\/div>\n\t\t\t\t<\/div>\n\t\t\t\t\t<\/div>\n\t\t\t\t<\/div>\n\t\t<div class=\"elementor-element elementor-element-cd34dd0 e-flex e-con-boxed e-con e-parent\" data-id=\"cd34dd0\" data-element_type=\"container\" data-e-type=\"container\" data-settings=\"{&quot;_ha_eqh_enable&quot;:false}\">\n\t\t\t\t\t<div class=\"e-con-inner\">\n\t\t\t\t<div class=\"elementor-element elementor-element-53bd65f elementor-widget elementor-widget-text-editor\" data-id=\"53bd65f\" data-element_type=\"widget\" data-e-type=\"widget\" data-widget_type=\"text-editor.default\">\n\t\t\t\t\t\t\t\t\t<h1 style=\"text-align: center;\"><strong><span style=\"font-size: 36pt;\">QR CODE BILLETWEB<\/span><\/strong><\/h1><p><img decoding=\"async\" class=\"aligncenter\" src=\"https:\/\/quickchart.io\/qr?margin=2&amp;size=250&amp;text=https:\/\/www.billetweb.fr\/polynecelte-4\" \/><\/p>\t\t\t\t\t\t\t\t<\/div>\n\t\t\t\t\t<\/div>\n\t\t\t\t<\/div>\n\t\t\t\t<\/div>\n\t\t","protected":false},"excerpt":{"rendered":"<p>Les apports ext\u00e9rieurs de boisson et nourriture ne sont pas accept\u00e9s (sauf pour les enfants &#8211; 4 ans) TARIFS Repas Adulte = 25\u20ac &#8211; Repas &#8211; de 12 ans = [&hellip;]<\/p>\n","protected":false},"author":1,"featured_media":0,"parent":0,"menu_order":0,"comment_status":"closed","ping_status":"closed","template":"","meta":{"ngg_post_thumbnail":0,"footnotes":""},"class_list":["post-65605","page","type-page","status-publish","hentry"],"_links":{"self":[{"href":"https:\/\/tiare-guidelois.fr\/site\/wp-json\/wp\/v2\/pages\/65605","targetHints":{"allow":["GET"]}}],"collection":[{"href":"https:\/\/tiare-guidelois.fr\/site\/wp-json\/wp\/v2\/pages"}],"about":[{"href":"https:\/\/tiare-guidelois.fr\/site\/wp-json\/wp\/v2\/types\/page"}],"author":[{"embeddable":true,"href":"https:\/\/tiare-guidelois.fr\/site\/wp-json\/wp\/v2\/users\/1"}],"replies":[{"embeddable":true,"href":"https:\/\/tiare-guidelois.fr\/site\/wp-json\/wp\/v2\/comments?post=65605"}],"version-history":[{"count":10,"href":"https:\/\/tiare-guidelois.fr\/site\/wp-json\/wp\/v2\/pages\/65605\/revisions"}],"predecessor-version":[{"id":65673,"href":"https:\/\/tiare-guidelois.fr\/site\/wp-json\/wp\/v2\/pages\/65605\/revisions\/65673"}],"wp:attachment":[{"href":"https:\/\/tiare-guidelois.fr\/site\/wp-json\/wp\/v2\/media?parent=65605"}],"curies":[{"name":"wp","href":"https:\/\/api.w.org\/{rel}","templated":true}]}}