{"id":64267,"date":"2026-01-15T16:44:49","date_gmt":"2026-01-15T15:44:49","guid":{"rendered":"https:\/\/tiare-guidelois.fr\/site\/?page_id=64267"},"modified":"2026-04-14T16:23:36","modified_gmt":"2026-04-14T14:23:36","slug":"agenda-sejour-montagne-2026","status":"publish","type":"page","link":"https:\/\/tiare-guidelois.fr\/site\/agenda-sejour-montagne-2026\/","title":{"rendered":"NOS 4 PROCHAINES ACTIVIT\u00c9S 2026"},"content":{"rendered":"\t\t<div data-elementor-type=\"wp-page\" data-elementor-id=\"64267\" class=\"elementor elementor-64267\" data-elementor-settings=\"{&quot;ha_cmc_init_switcher&quot;:&quot;no&quot;}\" data-elementor-post-type=\"page\">\n\t\t\t\t<div class=\"elementor-element elementor-element-3669430 e-grid e-con-boxed e-con e-parent\" data-id=\"3669430\" data-element_type=\"container\" data-e-type=\"container\" data-settings=\"{&quot;_ha_eqh_enable&quot;:false}\">\n\t\t\t\t\t<div class=\"e-con-inner\">\n\t\t\t\t<div data-ha-element-link=\"{&quot;url&quot;:&quot;https:\\\/\\\/association-tiare-guidelois.s2.yapla.com\\\/fr\\\/event-104458&quot;,&quot;is_external&quot;:&quot;&quot;,&quot;nofollow&quot;:&quot;&quot;}\" style=\"cursor: pointer\" class=\"elementor-element elementor-element-7fbcb74 elementor-widget elementor-widget-text-editor\" data-id=\"7fbcb74\" data-element_type=\"widget\" data-e-type=\"widget\" data-widget_type=\"text-editor.default\">\n\t\t\t\t\t\t\t\t\t<p><a href=\"https:\/\/tiare-guidelois.fr\/site\/%C3%A9v%C3%A8nement\/rtt-belz\/\"><span style=\"color: #993300; font-size: 18pt;\"><span style=\"color: #999999; font-family: tahoma, arial, helvetica, sans-serif;\"><b><span style=\"background-color: #ffff00;\">DIMANCHE 26 AVRIL<\/span> &#8211; Pointe du Perche &#8211; BELZ<\/b><\/span><\/span><\/a><\/p><ul><li><span style=\"color: #993300; font-size: 18pt;\">9h30 : RDV au parking puis marche de 6 km (\u00eele de Saint Cado)<\/span><\/li><li><span style=\"font-size: 18pt;\">Midi : d\u00e9gustation d&rsquo;hu\u00eetres puis pique-nique \u00e0 partager (\u00e0 pr\u00e9voir).<\/span><\/li><\/ul>\t\t\t\t\t\t\t\t<\/div>\n\t\t\t\t<div data-ha-element-link=\"{&quot;url&quot;:&quot;https:\\\/\\\/association-tiare-guidelois.s2.yapla.com\\\/fr\\\/event-104458&quot;,&quot;is_external&quot;:&quot;&quot;,&quot;nofollow&quot;:&quot;&quot;}\" style=\"cursor: pointer\" class=\"elementor-element elementor-element-bbcd2e8 elementor-widget elementor-widget-text-editor\" data-id=\"bbcd2e8\" data-element_type=\"widget\" data-e-type=\"widget\" data-widget_type=\"text-editor.default\">\n\t\t\t\t\t\t\t\t\t<p><a href=\"https:\/\/tiare-guidelois.fr\/site\/%C3%A9v%C3%A8nement\/polynecelte-iv-dimanche-14-juin-2026\/\"><span style=\"color: #993300; font-size: 18pt;\"><span style=\"color: #999999; font-family: tahoma, arial, helvetica, sans-serif;\"><b><span style=\"background-color: #ffff00;\">DIMANCHE 14 JUIN<\/span> &#8211; Kerprat &#8211; GUIDEL<\/b><\/span><\/span><\/a><\/p><ul><li><span style=\"color: #993300;\"><span style=\"font-size: 24px;\">11h \u00e0 17h : Expo-Repas-Spectacle<\/span><\/span><\/li><\/ul>\t\t\t\t\t\t\t\t<\/div>\n\t\t\t\t<div data-ha-element-link=\"{&quot;url&quot;:&quot;https:\\\/\\\/association-tiare-guidelois.s2.yapla.com\\\/fr\\\/event-104458&quot;,&quot;is_external&quot;:&quot;&quot;,&quot;nofollow&quot;:&quot;&quot;}\" style=\"cursor: pointer\" class=\"elementor-element elementor-element-61d5645 elementor-widget elementor-widget-text-editor\" data-id=\"61d5645\" data-element_type=\"widget\" data-e-type=\"widget\" data-widget_type=\"text-editor.default\">\n\t\t\t\t\t\t\t\t\t<p><a href=\"https:\/\/tiare-guidelois.fr\/site\/%C3%A9v%C3%A8nement\/rtt\/\" target=\"_blank\" rel=\"noopener\"><span style=\"color: #993300; font-size: 18pt;\"><span style=\"color: #999999; font-family: tahoma, arial, helvetica, sans-serif;\"><b><span style=\"background-color: #ffff00;\">DIMANCHE 12 JUILLET<\/span> &#8211; VILLENEUVE-ELL\u00c9<\/b><\/span><\/span><\/a><\/p><p><span style=\"font-size: 24pt;\">REPAS CONVIVIAL<\/span><\/p>\t\t\t\t\t\t\t\t<\/div>\n\t\t\t\t<div data-ha-element-link=\"{&quot;url&quot;:&quot;https:\\\/\\\/association-tiare-guidelois.s2.yapla.com\\\/fr\\\/event-104458&quot;,&quot;is_external&quot;:&quot;&quot;,&quot;nofollow&quot;:&quot;&quot;}\" style=\"cursor: pointer\" class=\"elementor-element elementor-element-81f7875 elementor-widget elementor-widget-text-editor\" data-id=\"81f7875\" data-element_type=\"widget\" data-e-type=\"widget\" data-widget_type=\"text-editor.default\">\n\t\t\t\t\t\t\t\t\t<p><a href=\"https:\/\/tiare-guidelois.fr\/site\/%C3%A9v%C3%A8nement\/sortie-au-karting-de-ploemel-jeudi-09-avril-2026\/\"><span style=\"color: #993300; font-size: 18pt;\"><span style=\"color: #999999; font-family: tahoma, arial, helvetica, sans-serif;\"><b><span style=\"background-color: #ffff00;\">JEUDI 20 AO\u00dbT<\/span>&#8211; KARTING DE PLOEMEL<\/b><\/span><\/span><\/a><\/p><ul><li><span style=\"font-size: 18pt;\">MIDI \u00ab\u00a0PIQUE-NIQUE\u00a0\u00bb \u00e0 Plouhinec.<\/span><\/li><\/ul>\t\t\t\t\t\t\t\t<\/div>\n\t\t\t\t\t<\/div>\n\t\t\t\t<\/div>\n\t\t<div class=\"elementor-element elementor-element-0c87666 e-grid e-con-boxed e-con e-parent\" data-id=\"0c87666\" data-element_type=\"container\" data-e-type=\"container\" data-settings=\"{&quot;_ha_eqh_enable&quot;:false}\">\n\t\t\t\t\t<div class=\"e-con-inner\">\n\t\t\t\t\t<\/div>\n\t\t\t\t<\/div>\n\t\t<div class=\"elementor-element elementor-element-959b9f2 e-grid e-con-boxed e-con e-parent\" data-id=\"959b9f2\" data-element_type=\"container\" data-e-type=\"container\" data-settings=\"{&quot;background_background&quot;:&quot;classic&quot;,&quot;_ha_eqh_enable&quot;:false}\">\n\t\t\t\t\t<div class=\"e-con-inner\">\n\t\t\t\t\t<\/div>\n\t\t\t\t<\/div>\n\t\t<div class=\"elementor-element elementor-element-b42980f e-flex e-con-boxed e-con e-parent\" data-id=\"b42980f\" data-element_type=\"container\" data-e-type=\"container\" data-settings=\"{&quot;_ha_eqh_enable&quot;:false}\">\n\t\t\t\t\t<div class=\"e-con-inner\">\n\t\t\t\t\t<\/div>\n\t\t\t\t<\/div>\n\t\t\t\t<\/div>\n\t\t","protected":false},"excerpt":{"rendered":"<p>DIMANCHE 26 AVRIL &#8211; Pointe du Perche &#8211; BELZ 9h30 : RDV au parking puis marche de 6 km (\u00eele de Saint Cado) Midi : d\u00e9gustation d&rsquo;hu\u00eetres puis pique-nique \u00e0 [&hellip;]<\/p>\n","protected":false},"author":1,"featured_media":0,"parent":0,"menu_order":0,"comment_status":"closed","ping_status":"closed","template":"","meta":{"ngg_post_thumbnail":0,"footnotes":""},"class_list":["post-64267","page","type-page","status-publish","hentry"],"_links":{"self":[{"href":"https:\/\/tiare-guidelois.fr\/site\/wp-json\/wp\/v2\/pages\/64267","targetHints":{"allow":["GET"]}}],"collection":[{"href":"https:\/\/tiare-guidelois.fr\/site\/wp-json\/wp\/v2\/pages"}],"about":[{"href":"https:\/\/tiare-guidelois.fr\/site\/wp-json\/wp\/v2\/types\/page"}],"author":[{"embeddable":true,"href":"https:\/\/tiare-guidelois.fr\/site\/wp-json\/wp\/v2\/users\/1"}],"replies":[{"embeddable":true,"href":"https:\/\/tiare-guidelois.fr\/site\/wp-json\/wp\/v2\/comments?post=64267"}],"version-history":[{"count":11,"href":"https:\/\/tiare-guidelois.fr\/site\/wp-json\/wp\/v2\/pages\/64267\/revisions"}],"predecessor-version":[{"id":65636,"href":"https:\/\/tiare-guidelois.fr\/site\/wp-json\/wp\/v2\/pages\/64267\/revisions\/65636"}],"wp:attachment":[{"href":"https:\/\/tiare-guidelois.fr\/site\/wp-json\/wp\/v2\/media?parent=64267"}],"curies":[{"name":"wp","href":"https:\/\/api.w.org\/{rel}","templated":true}]}}