{"id":57016,"date":"2024-06-12T17:38:54","date_gmt":"2024-06-12T15:38:54","guid":{"rendered":"https:\/\/tiare-guidelois.fr\/site\/?page_id=57016"},"modified":"2026-03-10T19:25:00","modified_gmt":"2026-03-10T18:25:00","slug":"presentation-heinoa","status":"publish","type":"page","link":"https:\/\/tiare-guidelois.fr\/site\/presentation-heinoa\/","title":{"rendered":"Pr\u00e9sentation Heinoa"},"content":{"rendered":"\t\t<div data-elementor-type=\"wp-page\" data-elementor-id=\"57016\" class=\"elementor elementor-57016\" data-elementor-settings=\"{&quot;ha_cmc_init_switcher&quot;:&quot;no&quot;}\" data-elementor-post-type=\"page\">\n\t\t\t\t\t\t<section class=\"elementor-section elementor-top-section elementor-element elementor-element-bfca99c elementor-section-boxed elementor-section-height-default elementor-section-height-default\" data-id=\"bfca99c\" data-element_type=\"section\" data-e-type=\"section\" data-settings=\"{&quot;_ha_eqh_enable&quot;:false}\">\n\t\t\t\t\t\t<div class=\"elementor-container elementor-column-gap-default\">\n\t\t\t\t\t<div class=\"elementor-column elementor-col-50 elementor-top-column elementor-element elementor-element-8233dba\" data-id=\"8233dba\" data-element_type=\"column\" data-e-type=\"column\">\n\t\t\t<div class=\"elementor-widget-wrap elementor-element-populated\">\n\t\t\t\t\t\t<div class=\"elementor-element elementor-element-96da913 elementor-widget elementor-widget-video\" data-id=\"96da913\" data-element_type=\"widget\" data-e-type=\"widget\" data-settings=\"{&quot;youtube_url&quot;:&quot;https:\\\/\\\/youtu.be\\\/B_uv7FmVPFs&quot;,&quot;video_type&quot;:&quot;youtube&quot;,&quot;controls&quot;:&quot;yes&quot;}\" data-widget_type=\"video.default\">\n\t\t\t\t\t\t\t<div class=\"elementor-wrapper elementor-open-inline\">\n\t\t\t<div class=\"elementor-video\"><\/div>\t\t<\/div>\n\t\t\t\t\t\t<\/div>\n\t\t\t\t\t<\/div>\n\t\t<\/div>\n\t\t\t\t<div class=\"elementor-column elementor-col-50 elementor-top-column elementor-element elementor-element-4d55d91\" data-id=\"4d55d91\" data-element_type=\"column\" data-e-type=\"column\">\n\t\t\t<div class=\"elementor-widget-wrap elementor-element-populated\">\n\t\t\t\t\t\t<div class=\"elementor-element elementor-element-1c75768 elementor-widget elementor-widget-video\" data-id=\"1c75768\" data-element_type=\"widget\" data-e-type=\"widget\" data-settings=\"{&quot;youtube_url&quot;:&quot;https:\\\/\\\/youtu.be\\\/dyApmmbCJqw&quot;,&quot;autoplay&quot;:&quot;yes&quot;,&quot;video_type&quot;:&quot;youtube&quot;,&quot;controls&quot;:&quot;yes&quot;}\" data-widget_type=\"video.default\">\n\t\t\t\t\t\t\t<div class=\"elementor-wrapper elementor-open-inline\">\n\t\t\t<div class=\"elementor-video\"><\/div>\t\t<\/div>\n\t\t\t\t\t\t<\/div>\n\t\t\t\t\t<\/div>\n\t\t<\/div>\n\t\t\t\t\t<\/div>\n\t\t<\/section>\n\t\t\t\t<section class=\"elementor-section elementor-top-section elementor-element elementor-element-523cc2e elementor-section-boxed elementor-section-height-default elementor-section-height-default\" data-id=\"523cc2e\" data-element_type=\"section\" data-e-type=\"section\" data-settings=\"{&quot;_ha_eqh_enable&quot;:false}\">\n\t\t\t\t\t\t<div class=\"elementor-container elementor-column-gap-default\">\n\t\t\t\t\t<div class=\"elementor-column elementor-col-100 elementor-top-column elementor-element elementor-element-37dfa37\" data-id=\"37dfa37\" data-element_type=\"column\" data-e-type=\"column\">\n\t\t\t<div class=\"elementor-widget-wrap elementor-element-populated\">\n\t\t\t\t\t\t<div class=\"elementor-element elementor-element-0ec7cea elementor-widget elementor-widget-text-editor\" data-id=\"0ec7cea\" data-element_type=\"widget\" data-e-type=\"widget\" data-widget_type=\"text-editor.default\">\n\t\t\t\t\t\t\t\t\t<p><span style=\"font-family: tahoma, arial, helvetica, sans-serif; font-size: 14pt;\"><strong>La section de danse \u201cHeinoa\u201d a \u00e9t\u00e9 cr\u00e9\u00e9e en 2018 \u00e0 l\u2019occasion des pr\u00e9paratifs du 20\u00e8me anniversaire de la cr\u00e9ation de l\u2019association. Elle compte une vingtaine de pratiquantes ; les cours \u2013 \u00e0 partir de 06 ans \u2013 se d\u00e9roulent le samedi de 14h \u00e0 17h30, salles 2 et 3 du plateau de Polignac (pr\u00e8s des terrains de tennis), rue Jean-Pierre Calloc\u2019h \u2013 Guidel.<\/strong><\/span><\/p><h4><span style=\"font-family: tahoma, arial, helvetica, sans-serif; font-size: 14pt;\"><strong>Depuis 2022, nos ambassadrices de charme sont sollicit\u00e9es pour animer centres d&rsquo;accueil et diverses festivit\u00e9s r\u00e9gionales*, juste r\u00e9compense de l&rsquo;assiduit\u00e9 du groupe.<\/strong><\/span><\/h4><h4><span style=\"font-family: tahoma, arial, helvetica, sans-serif; font-size: 14pt;\"><strong>* Exemples : EHPAD, Mariage, Repas caritatif, T\u00e9l\u00e9thon, Troc et puces&#8230;<\/strong><\/span><\/h4><ul><li><h4><span style=\"font-family: tahoma, arial, helvetica, sans-serif; font-size: 14pt;\"><strong>Responsable : Anne <span style=\"color: #800000;\"><span style=\"vertical-align: inherit;\"><span style=\"color: #800000;\"><span dir=\"ltr\" data-tooltip=\"Appeler (+33661489032)\"><img decoding=\"async\" class=\"emoji\" role=\"img\" draggable=\"false\" src=\"https:\/\/s.w.org\/images\/core\/emoji\/14.0.0\/svg\/260e.svg\" alt=\"\u260e\" \/> <\/span><\/span><\/span><\/span>06 30 60 37 04.<\/strong><\/span><\/h4><\/li><li><span style=\"font-family: tahoma, arial, helvetica, sans-serif; font-size: 14pt;\"><strong><strong>Gestionnaire : <\/strong><\/strong><strong>Nadine LE BOLAY\u00a0<span dir=\"ltr\" data-tooltip=\"Appeler (+33661489032)\"><img decoding=\"async\" class=\"emoji\" role=\"img\" draggable=\"false\" src=\"https:\/\/s.w.org\/images\/core\/emoji\/14.0.0\/svg\/260e.svg\" alt=\"\u260e\" \/>\u00a006 84 18 18 16<\/span><\/strong><\/span><\/li><li>\u00a0<\/li><li><span style=\"font-family: tahoma, arial, helvetica, sans-serif; font-size: 14pt;\"><strong>Assistante : Nadine LE LEUT\u00a0 <span style=\"vertical-align: inherit;\"><span style=\"vertical-align: inherit;\"><span dir=\"ltr\" data-tooltip=\"Appeler (+33661489032)\"><img decoding=\"async\" class=\"emoji\" role=\"img\" draggable=\"false\" src=\"https:\/\/s.w.org\/images\/core\/emoji\/14.0.0\/svg\/260e.svg\" alt=\"\u260e\" \/> 06 30 60 37 04<\/span><\/span><\/span><\/strong><\/span><\/li><li><h4><span style=\"font-family: tahoma, arial, helvetica, sans-serif; font-size: 14pt;\"><strong><span style=\"color: #800000;\"><span style=\"vertical-align: inherit;\">Animatrices b\u00e9n\u00e9voles<\/span><\/span><\/strong><strong> : Anna <span style=\"color: #800000;\"><span style=\"vertical-align: inherit;\"><span style=\"color: #800000;\"><span dir=\"ltr\" data-tooltip=\"Appeler (+33661489032)\"><img decoding=\"async\" class=\"emoji\" role=\"img\" draggable=\"false\" src=\"https:\/\/s.w.org\/images\/core\/emoji\/14.0.0\/svg\/260e.svg\" alt=\"\u260e\" \/> <\/span><\/span><\/span><\/span>06 61 42 10 30 \/\/ \u00c9velyne 06 68 69 76 45 \/\/ Marianne <\/strong><strong><span style=\"color: #800000;\"><span style=\"vertical-align: inherit;\"><span dir=\"ltr\" data-tooltip=\"Appeler (+33661489032)\"><img decoding=\"async\" class=\"emoji\" role=\"img\" draggable=\"false\" src=\"https:\/\/s.w.org\/images\/core\/emoji\/14.0.0\/svg\/260e.svg\" alt=\"\u260e\" \/> 07 83 68 13 04 \/\/\u00a0<\/span><\/span><\/span><\/strong><strong>Natacha <span style=\"color: #800000;\"><span style=\"vertical-align: inherit;\"><span style=\"color: #800000;\"><span dir=\"ltr\" data-tooltip=\"Appeler (+33661489032)\"><img decoding=\"async\" class=\"emoji\" role=\"img\" draggable=\"false\" src=\"https:\/\/s.w.org\/images\/core\/emoji\/14.0.0\/svg\/260e.svg\" alt=\"\u260e\" \/> <\/span><\/span><\/span><\/span>06 60 51 23 78.<\/strong><\/span><\/h4><\/li><\/ul><ul><li><table width=\"749\"><tbody><tr><td width=\"83\"><h4><span style=\"font-family: tahoma, arial, helvetica, sans-serif; font-size: 14pt;\"><strong>Lors de l\u2019inscription<\/strong><\/span><\/h4><\/td><td width=\"88\"><h4><span style=\"font-family: tahoma, arial, helvetica, sans-serif; font-size: 14pt;\"><strong>Adh\u00e9sion 12\u20ac\/pers par CB ou virement (pas d\u2019esp\u00e8ces)<\/strong><\/span><\/h4><\/td><td width=\"371\"><h4><span style=\"font-family: tahoma, arial, helvetica, sans-serif; font-size: 14pt;\"><strong>\u00b7 Pour tous : bulletin d\u2019adh\u00e9sion vis\u00e9 + certificat d\u2019aptitude physique (validit\u00e9 1 an) ou certificat m\u00e9dical (validit\u00e9 3 ans)<\/strong><\/span><\/h4><h4><span style=\"font-family: tahoma, arial, helvetica, sans-serif; font-size: 14pt;\"><strong>.\u00a0Pour les mineurs : autorisation parentale (validit\u00e9 1 an)<\/strong><\/span><\/h4><\/td><td width=\"207\"><h4><span style=\"font-family: tahoma, arial, helvetica, sans-serif; font-size: 14pt;\"><strong>Sans retour de ces documents apr\u00e8s participation \u00e0 2 s\u00e9ances, l\u2019acc\u00e8s sera refus\u00e9.<\/strong><\/span><\/h4><\/td><\/tr><tr><td width=\"83\"><h4><span style=\"font-family: tahoma, arial, helvetica, sans-serif; font-size: 14pt;\"><strong>Lieu avec acc\u00e8s par badge (sous la responsabilit\u00e9 d&rsquo;une animatrice)<\/strong><\/span><\/h4><\/td><td width=\"88\"><h4><span style=\"font-family: tahoma, arial, helvetica, sans-serif; font-size: 14pt;\"><strong>Salles 2 et 3 du plateau de Polignac (rue Jean-Pierre Calloch &#8211; GUIDEL)<\/strong><\/span><\/h4><\/td><td width=\"371\"><h4><span style=\"font-family: tahoma, arial, helvetica, sans-serif; font-size: 14pt;\"><strong>\u00b7\u00a0Les cours s\u2019effectuent avec une tenue adapt\u00e9e (par\u00e9o, surv\u00eatement). Acc\u00e8s salle en chaussons, en chaussettes ou pieds-nus. Toute pratiquante devra \u00eatre en pleine possession de ses capacit\u00e9s physiques.<\/strong><\/span><\/h4><h4><span style=\"font-family: tahoma, arial, helvetica, sans-serif; font-size: 14pt;\"><strong>\u00b7\u00a0Respect mutuel pour tous (enseignants et partenaires), tenir compte des horaires de cours et de la propret\u00e9 des locaux.<\/strong><\/span><\/h4><h4><span style=\"font-family: tahoma, arial, helvetica, sans-serif; font-size: 14pt;\"><strong>\u00b7\u00a0Toute personne souhaitant assister au cours devra avertir pr\u00e9alablement une responsable.<\/strong><\/span><\/h4><\/td><td width=\"207\"><h4><span style=\"font-family: tahoma, arial, helvetica, sans-serif; font-size: 14pt;\"><strong>En cas d\u2019absence pr\u00e9venir une animatrice. Pas de cours : vacances d\u2019\u00e9t\u00e9 et fin d\u2019ann\u00e9e, jours f\u00e9ri\u00e9s.<\/strong><\/span><\/h4><\/td><\/tr><tr><td width=\"83\"><h4><span style=\"font-family: tahoma, arial, helvetica, sans-serif; font-size: 14pt;\"><strong>S\u00e9ance 1<\/strong><\/span><\/h4><\/td><td width=\"88\"><h4><span style=\"font-family: tahoma, arial, helvetica, sans-serif; font-size: 14pt;\"><strong>D\u00e9butantes : cours RSV aux Premiers Pas<\/strong><\/span><\/h4><\/td><td width=\"371\"><h4><span style=\"font-family: tahoma, arial, helvetica, sans-serif; font-size: 14pt;\"><strong>\u00b7 SALLE 3 &gt; Samedi de 14h30 \u00e0 15h.<\/strong><\/span><\/h4><\/td><td width=\"207\"><h4>\u00a0<\/h4><\/td><\/tr><tr><td width=\"83\"><h4><span style=\"font-family: tahoma, arial, helvetica, sans-serif; font-size: 14pt;\"><strong>S\u00e9ance 2<\/strong><\/span><\/h4><\/td><td width=\"88\"><h4><span style=\"font-family: tahoma, arial, helvetica, sans-serif; font-size: 14pt;\"><strong>Tamahin\u00e9 (Enfant)<\/strong><\/span><\/h4><\/td><td width=\"371\"><h4><span style=\"font-family: tahoma, arial, helvetica, sans-serif; font-size: 14pt;\"><strong>\u00b7 SALLE 2 &gt; Samedi de 14h \u00e0 15h30.<\/strong><\/span><\/h4><h4><span style=\"font-family: tahoma, arial, helvetica, sans-serif; font-size: 14pt;\"><strong>Les parents doivent accompagner leurs enfants sur les lieux du cours et s\u2019assurer que l&rsquo;animatrice est effectivement pr\u00e9sente. A la fin pr\u00e9vue de la s\u00e9ance, ils les r\u00e9cup\u00e8rent \u00e0 l&rsquo;entr\u00e9e de la salle.<\/strong><\/span><\/h4><\/td><td width=\"207\"><h4><span style=\"font-family: tahoma, arial, helvetica, sans-serif; font-size: 14pt;\"><strong>\u00b7 Les parents seront inform\u00e9s par SMS\/mail de tout retard ou absence de l&rsquo;animatrice.<\/strong><\/span><\/h4><h4>\u00a0<\/h4><\/td><\/tr><tr><td width=\"83\"><h4><span style=\"font-family: tahoma, arial, helvetica, sans-serif; font-size: 14pt;\"><strong>S\u00e9ance 3<\/strong><\/span><\/h4><\/td><td width=\"88\"><h4><span style=\"font-family: tahoma, arial, helvetica, sans-serif; font-size: 14pt;\"><strong>Maama&rsquo;s: cours RSV aux r\u00e9p\u00e9titions pour le gala.<\/strong><\/span><\/h4><\/td><td width=\"371\"><h4><span style=\"font-family: tahoma, arial, helvetica, sans-serif; font-size: 14pt;\"><strong>\u00b7 SALLE 2 &gt; Samedi de 15h \u00e0 17h.\u00a0\u00a0\u00a0\u00a0\u00a0\u00a0\u00a0\u00a0\u00a0\u00a0<\/strong><\/span><\/h4><h4><span style=\"font-family: tahoma, arial, helvetica, sans-serif; font-size: 14pt;\"><strong>\u00b7\u00a0R\u00e9servation de salle annexe (artisanat, c\u00e9l\u00e9bration) : avertir Anne 2 semaines avant.<\/strong><\/span><\/h4><\/td><td width=\"207\"><h4><span style=\"font-family: tahoma, arial, helvetica, sans-serif; font-size: 14pt;\"><strong>Participation aux t\u00e2ches d\u2019organisation.<\/strong><\/span><\/h4><\/td><\/tr><\/tbody><\/table><\/li><\/ul><h4>\u00a0<\/h4>\t\t\t\t\t\t\t\t<\/div>\n\t\t\t\t\t<\/div>\n\t\t<\/div>\n\t\t\t\t\t<\/div>\n\t\t<\/section>\n\t\t\t\t<section class=\"elementor-section elementor-top-section elementor-element elementor-element-09e72c3 elementor-section-boxed elementor-section-height-default elementor-section-height-default\" data-id=\"09e72c3\" data-element_type=\"section\" data-e-type=\"section\" data-settings=\"{&quot;_ha_eqh_enable&quot;:false}\">\n\t\t\t\t\t\t<div class=\"elementor-container elementor-column-gap-default\">\n\t\t\t\t\t<div class=\"elementor-column elementor-col-100 elementor-top-column elementor-element elementor-element-be31926\" data-id=\"be31926\" data-element_type=\"column\" data-e-type=\"column\">\n\t\t\t<div class=\"elementor-widget-wrap\">\n\t\t\t\t\t\t\t<\/div>\n\t\t<\/div>\n\t\t\t\t\t<\/div>\n\t\t<\/section>\n\t\t\t\t<\/div>\n\t\t","protected":false},"excerpt":{"rendered":"<p>https:\/\/youtu.be\/B_uv7FmVPFshttps:\/\/youtu.be\/dyApmmbCJqw La section de danse \u201cHeinoa\u201d a \u00e9t\u00e9 cr\u00e9\u00e9e en 2018 \u00e0 l\u2019occasion des pr\u00e9paratifs du 20\u00e8me anniversaire de la cr\u00e9ation de l\u2019association. Elle compte une vingtaine de pratiquantes ; [&hellip;]<\/p>\n","protected":false},"author":1,"featured_media":48453,"parent":0,"menu_order":0,"comment_status":"closed","ping_status":"closed","template":"","meta":{"ngg_post_thumbnail":0,"footnotes":""},"class_list":["post-57016","page","type-page","status-publish","has-post-thumbnail","hentry"],"_links":{"self":[{"href":"https:\/\/tiare-guidelois.fr\/site\/wp-json\/wp\/v2\/pages\/57016","targetHints":{"allow":["GET"]}}],"collection":[{"href":"https:\/\/tiare-guidelois.fr\/site\/wp-json\/wp\/v2\/pages"}],"about":[{"href":"https:\/\/tiare-guidelois.fr\/site\/wp-json\/wp\/v2\/types\/page"}],"author":[{"embeddable":true,"href":"https:\/\/tiare-guidelois.fr\/site\/wp-json\/wp\/v2\/users\/1"}],"replies":[{"embeddable":true,"href":"https:\/\/tiare-guidelois.fr\/site\/wp-json\/wp\/v2\/comments?post=57016"}],"version-history":[{"count":5,"href":"https:\/\/tiare-guidelois.fr\/site\/wp-json\/wp\/v2\/pages\/57016\/revisions"}],"predecessor-version":[{"id":65089,"href":"https:\/\/tiare-guidelois.fr\/site\/wp-json\/wp\/v2\/pages\/57016\/revisions\/65089"}],"wp:featuredmedia":[{"embeddable":true,"href":"https:\/\/tiare-guidelois.fr\/site\/wp-json\/wp\/v2\/media\/48453"}],"wp:attachment":[{"href":"https:\/\/tiare-guidelois.fr\/site\/wp-json\/wp\/v2\/media?parent=57016"}],"curies":[{"name":"wp","href":"https:\/\/api.w.org\/{rel}","templated":true}]}}