{"id":48698,"date":"2025-10-18T17:21:00","date_gmt":"2025-10-18T15:21:00","guid":{"rendered":"https:\/\/tiare-guidelois.fr\/site\/?page_id=48698"},"modified":"2025-11-12T13:46:51","modified_gmt":"2025-11-12T12:46:51","slug":"adhesion","status":"publish","type":"page","link":"https:\/\/tiare-guidelois.fr\/site\/adhesion\/","title":{"rendered":"ADH\u00c9SION 2026"},"content":{"rendered":"\t\t<div data-elementor-type=\"wp-page\" data-elementor-id=\"48698\" class=\"elementor elementor-48698\" data-elementor-settings=\"{&quot;ha_cmc_init_switcher&quot;:&quot;no&quot;}\" data-elementor-post-type=\"page\">\n\t\t\t\t\t\t<section class=\"elementor-section elementor-top-section elementor-element elementor-element-284323c elementor-section-boxed elementor-section-height-default elementor-section-height-default\" data-id=\"284323c\" data-element_type=\"section\" data-e-type=\"section\" data-settings=\"{&quot;_ha_eqh_enable&quot;:false}\">\n\t\t\t\t\t\t<div class=\"elementor-container elementor-column-gap-default\">\n\t\t\t\t\t<div class=\"elementor-column elementor-col-50 elementor-top-column elementor-element elementor-element-7e1e42d\" data-id=\"7e1e42d\" data-element_type=\"column\" data-e-type=\"column\">\n\t\t\t<div class=\"elementor-widget-wrap elementor-element-populated\">\n\t\t\t\t\t\t<div class=\"elementor-element elementor-element-d8fd4d1 elementor-widget elementor-widget-text-editor\" data-id=\"d8fd4d1\" data-element_type=\"widget\" data-e-type=\"widget\" data-widget_type=\"text-editor.default\">\n\t\t\t\t\t\t\t\t\t<h2 style=\"text-align: center;\"><span style=\"font-family: 'trebuchet ms', geneva, sans-serif; font-size: 24pt;\">INFO\u00a0<\/span><\/h2><ul><li><h3 class=\"elementor-heading-title elementor-size-default\"><span style=\"font-size: 18pt;\"><strong><span style=\"font-family: 'courier new', courier, monospace;\">PAR D\u00c9LIB\u00c9RATION DU CONSEIL LE 30 JANVIER 2025 : LES CH\u00c8QUES BANCAIRES NE SONT PLUS ACCEPT\u00c9S POUR TOUTES SORTES DE PAIEMENT (ACTIVIT\u00c9, COTISATION, S\u00c9JOUR, ETC&#8230;)<\/span><\/strong><\/span><\/h3><\/li><li><h3><span style=\"font-size: 18pt;\"><strong><span style=\"font-family: 'courier new', courier, monospace;\">Respect des r\u00e8gles sanitaires du moment pour participer aux activit\u00e9s de l&rsquo;association.<\/span><\/strong><\/span><\/h3><\/li><\/ul><h3><span style=\"font-size: 14pt;\"><a href=\"https:\/\/tiare-guidelois.fr\/site\/reglement-interieur-version\/\" target=\"_blank\" rel=\"noopener\"><span style=\"color: #ff6600;\"><strong><em><span style=\"font-family: 'andale mono', monospace;\">&#8211;\u00a0<\/span><\/em><\/strong><\/span><span style=\"text-decoration: underline;\"><span style=\"color: #ff6600; text-decoration: underline;\"><strong><em><span style=\"font-family: 'andale mono', monospace;\">R\u00e8glement int\u00e9rieur<\/span><\/em><\/strong><\/span><\/span><\/a><\/span><\/h3><h3><span style=\"font-size: 14pt;\"><span style=\"color: #ff6600;\"><strong><em><span style=\"font-family: 'andale mono', monospace;\">&#8211;\u00a0<\/span><\/em><\/strong><\/span><span style=\"text-decoration: underline;\"><span style=\"color: #ff6600; text-decoration: underline;\"><strong><em><span style=\"font-family: 'andale mono', monospace;\"><a style=\"color: #ff6600; text-decoration: underline;\" href=\"https:\/\/tiare-guidelois.fr\/site\/virement-bancairemode-demploi\/\">R\u00e9gler<\/a><\/span><\/em><em><span style=\"font-family: 'andale mono', monospace;\"><a style=\"color: #ff6600; text-decoration: underline;\" href=\"https:\/\/tiare-guidelois.fr\/site\/virement-bancairemode-demploi\/\"> par virement bancaire<\/a><\/span><\/em><\/strong><\/span><\/span><\/span><\/h3>\t\t\t\t\t\t\t\t<\/div>\n\t\t\t\t\t<\/div>\n\t\t<\/div>\n\t\t\t\t<div class=\"elementor-column elementor-col-50 elementor-top-column elementor-element elementor-element-ce72dd7\" data-id=\"ce72dd7\" data-element_type=\"column\" data-e-type=\"column\">\n\t\t\t<div class=\"elementor-widget-wrap elementor-element-populated\">\n\t\t\t\t\t\t<div class=\"elementor-element elementor-element-38e232a elementor-widget elementor-widget-image\" data-id=\"38e232a\" data-element_type=\"widget\" data-e-type=\"widget\" data-widget_type=\"image.default\">\n\t\t\t\t\t\t\t\t\t\t\t\t\t\t\t<img decoding=\"async\" src=\"https:\/\/tiare-guidelois.fr\/wp-content\/uploads\/2025\/11\/ADHESION-2026.png\" title=\"\" alt=\"\" loading=\"lazy\" \/>\t\t\t\t\t\t\t\t\t\t\t\t\t\t\t<\/div>\n\t\t\t\t\t<\/div>\n\t\t<\/div>\n\t\t\t\t\t<\/div>\n\t\t<\/section>\n\t\t\t\t<section class=\"elementor-section elementor-top-section elementor-element elementor-element-b00e1d1 elementor-section-boxed elementor-section-height-default elementor-section-height-default\" data-id=\"b00e1d1\" data-element_type=\"section\" data-e-type=\"section\" data-settings=\"{&quot;_ha_eqh_enable&quot;:false}\">\n\t\t\t\t\t\t<div class=\"elementor-container elementor-column-gap-default\">\n\t\t\t\t\t<div class=\"elementor-column elementor-col-100 elementor-top-column elementor-element elementor-element-22fb8b4\" data-id=\"22fb8b4\" data-element_type=\"column\" data-e-type=\"column\">\n\t\t\t<div class=\"elementor-widget-wrap elementor-element-populated\">\n\t\t\t\t\t\t<div class=\"elementor-element elementor-element-87138c1 elementor-widget elementor-widget-heading\" data-id=\"87138c1\" data-element_type=\"widget\" data-e-type=\"widget\" data-widget_type=\"heading.default\">\n\t\t\t\t\t<h2 class=\"elementor-heading-title elementor-size-default\">Formulaire d'adh\u00e9sion calendaire - janvier \u00e0 d\u00e9cembre 2026<\/h2>\t\t\t\t<\/div>\n\t\t\t\t\t<\/div>\n\t\t<\/div>\n\t\t\t\t\t<\/div>\n\t\t<\/section>\n\t\t\t\t<section class=\"elementor-section elementor-top-section elementor-element elementor-element-63dc8a3 elementor-section-boxed elementor-section-height-default elementor-section-height-default\" data-id=\"63dc8a3\" data-element_type=\"section\" data-e-type=\"section\" data-settings=\"{&quot;_ha_eqh_enable&quot;:false}\">\n\t\t\t\t\t\t<div class=\"elementor-container elementor-column-gap-default\">\n\t\t\t\t\t<div class=\"elementor-column elementor-col-100 elementor-top-column elementor-element elementor-element-d10622e\" data-id=\"d10622e\" data-element_type=\"column\" data-e-type=\"column\" data-settings=\"{&quot;background_background&quot;:&quot;classic&quot;}\">\n\t\t\t<div class=\"elementor-widget-wrap elementor-element-populated\">\n\t\t\t\t\t\t<div class=\"elementor-element elementor-element-59681d6 elementor-button-align-start elementor-widget elementor-widget-form\" data-id=\"59681d6\" data-element_type=\"widget\" data-e-type=\"widget\" data-settings=\"{&quot;step_next_label&quot;:&quot;Suivant&quot;,&quot;step_previous_label&quot;:&quot;Pr\\u00e9c\\u00e9dent&quot;,&quot;button_width&quot;:&quot;100&quot;,&quot;step_type&quot;:&quot;number_text&quot;,&quot;step_icon_shape&quot;:&quot;circle&quot;}\" data-widget_type=\"form.default\">\n\t\t\t\t\t\t\t<form class=\"elementor-form\" method=\"post\" name=\"Adh\u00e9sion 2023\" aria-label=\"Adh\u00e9sion 2023\">\n\t\t\t<input type=\"hidden\" name=\"post_id\" value=\"48698\"\/>\n\t\t\t<input type=\"hidden\" name=\"form_id\" value=\"59681d6\"\/>\n\t\t\t<input type=\"hidden\" name=\"referer_title\" value=\"ADH\u00c9SION 2026\" \/>\n\n\t\t\t\t\t\t\t<input type=\"hidden\" name=\"queried_id\" value=\"48698\"\/>\n\t\t\t\n\t\t\t<div class=\"elementor-form-fields-wrapper elementor-labels-above\">\n\t\t\t\t\t\t\t\t<div class=\"elementor-field-type-text elementor-field-group elementor-column elementor-field-group-name elementor-col-50 elementor-field-required elementor-mark-required\">\n\t\t\t\t\t\t\t\t\t\t\t\t<label for=\"form-field-name\" class=\"elementor-field-label\">\n\t\t\t\t\t\t\t\tPr\u00e9nom et NOM\t\t\t\t\t\t\t<\/label>\n\t\t\t\t\t\t\t\t\t\t\t\t\t\t<input size=\"1\" type=\"text\" name=\"form_fields[name]\" id=\"form-field-name\" class=\"elementor-field elementor-size-xl  elementor-field-textual\" required=\"required\">\n\t\t\t\t\t\t\t\t\t\t\t<\/div>\n\t\t\t\t\t\t\t\t<div class=\"elementor-field-type-email elementor-field-group elementor-column elementor-field-group-email elementor-col-60 elementor-field-required elementor-mark-required\">\n\t\t\t\t\t\t\t\t\t\t\t\t<label for=\"form-field-email\" class=\"elementor-field-label\">\n\t\t\t\t\t\t\t\tE-mail\t\t\t\t\t\t\t<\/label>\n\t\t\t\t\t\t\t\t\t\t\t\t\t\t<input size=\"1\" type=\"email\" name=\"form_fields[email]\" id=\"form-field-email\" class=\"elementor-field elementor-size-xl  elementor-field-textual\" required=\"required\">\n\t\t\t\t\t\t\t\t\t\t\t<\/div>\n\t\t\t\t\t\t\t\t<div class=\"elementor-field-type-tel elementor-field-group elementor-column elementor-field-group-field_9d9ca81 elementor-col-40 elementor-field-required elementor-mark-required\">\n\t\t\t\t\t\t\t\t\t\t\t\t<label for=\"form-field-field_9d9ca81\" class=\"elementor-field-label\">\n\t\t\t\t\t\t\t\tT\u00e9l\u00e9phone Mobile\t\t\t\t\t\t\t<\/label>\n\t\t\t\t\t\t\t\t<input size=\"1\" type=\"tel\" name=\"form_fields[field_9d9ca81]\" id=\"form-field-field_9d9ca81\" class=\"elementor-field elementor-size-xl  elementor-field-textual\" required=\"required\" pattern=\"[0-9()#&amp;+*-=.]+\" title=\"Seuls les caract\u00e8res de num\u00e9ros de t\u00e9l\u00e9phone (#, -, *, etc.) sont accept\u00e9s.\">\n\n\t\t\t\t\t\t<\/div>\n\t\t\t\t\t\t\t\t<div class=\"elementor-field-type-text elementor-field-group elementor-column elementor-field-group-field_dbe9a82 elementor-col-100 elementor-field-required elementor-mark-required\">\n\t\t\t\t\t\t\t\t\t\t\t\t<label for=\"form-field-field_dbe9a82\" class=\"elementor-field-label\">\n\t\t\t\t\t\t\t\tAdresse Postale\t\t\t\t\t\t\t<\/label>\n\t\t\t\t\t\t\t\t\t\t\t\t\t\t<input size=\"1\" type=\"text\" name=\"form_fields[field_dbe9a82]\" id=\"form-field-field_dbe9a82\" class=\"elementor-field elementor-size-xl  elementor-field-textual\" required=\"required\">\n\t\t\t\t\t\t\t\t\t\t\t<\/div>\n\t\t\t\t\t\t\t\t<div class=\"elementor-field-type-acceptance elementor-field-group elementor-column elementor-field-group-field_dadcb63 elementor-col-60 elementor-field-required elementor-mark-required\">\n\t\t\t\t\t\t\t<div class=\"elementor-field-subgroup\">\n\t\t\t<span class=\"elementor-field-option\">\n\t\t\t\t<input type=\"checkbox\" name=\"form_fields[field_dadcb63]\" id=\"form-field-field_dadcb63\" class=\"elementor-field elementor-size-xl  elementor-acceptance-field\" required=\"required\">\n\t\t\t\t<label for=\"form-field-field_dadcb63\">CONNAISSANCE ET ACCEPTATION DU REGLEMENT INTERIEUR<\/label>\t\t\t<\/span>\n\t\t<\/div>\n\t\t\t\t\t\t<\/div>\n\t\t\t\t\t\t\t\t<div class=\"elementor-field-type-checkbox elementor-field-group elementor-column elementor-field-group-field_8318cf7 elementor-col-66\">\n\t\t\t\t\t\t\t\t\t\t\t\t<label for=\"form-field-field_8318cf7\" class=\"elementor-field-label\">\n\t\t\t\t\t\t\t\t TIARE GUIDELOIS 14 rue Ker-H\u00e9ol 56520 GUIDEL\t\t\t\t\t\t\t<\/label>\n\t\t\t\t\t\t<div class=\"elementor-field-subgroup  elementor-subgroup-inline\"><span class=\"elementor-field-option\"><input type=\"checkbox\" value=\"Individuelle 12 \u20ac\" id=\"form-field-field_8318cf7-0\" name=\"form_fields[field_8318cf7][]\"> <label for=\"form-field-field_8318cf7-0\">Individuelle 12 \u20ac<\/label><\/span><span class=\"elementor-field-option\"><input type=\"checkbox\" value=\"Familiale 24 \u20ac (couple avec enfants mineurs)\" id=\"form-field-field_8318cf7-1\" name=\"form_fields[field_8318cf7][]\"> <label for=\"form-field-field_8318cf7-1\">Familiale 24 \u20ac (couple avec enfants mineurs)<\/label><\/span><\/div>\t\t\t\t<\/div>\n\t\t\t\t\t\t\t\t<div class=\"elementor-field-type-checkbox elementor-field-group elementor-column elementor-field-group-field_7676a2e elementor-col-60\">\n\t\t\t\t\t\t\t\t\t\t\t\t<label for=\"form-field-field_7676a2e\" class=\"elementor-field-label\">\n\t\t\t\t\t\t\t\tModes de paiement accept\u00e9s (pas de CHQ et d'esp\u00e8ces)\t\t\t\t\t\t\t<\/label>\n\t\t\t\t\t\t<div class=\"elementor-field-subgroup  elementor-subgroup-inline\"><span class=\"elementor-field-option\"><input type=\"checkbox\" value=\"Carte bancaire\" id=\"form-field-field_7676a2e-0\" name=\"form_fields[field_7676a2e][]\"> <label for=\"form-field-field_7676a2e-0\">Carte bancaire<\/label><\/span><span class=\"elementor-field-option\"><input type=\"checkbox\" value=\"Virement (IBAN sur demande)\" id=\"form-field-field_7676a2e-1\" name=\"form_fields[field_7676a2e][]\"> <label for=\"form-field-field_7676a2e-1\">Virement (IBAN sur demande)<\/label><\/span><\/div>\t\t\t\t<\/div>\n\t\t\t\t\t\t\t\t<div class=\"elementor-field-type-checkbox elementor-field-group elementor-column elementor-field-group-field_89dd3f8 elementor-col-60\">\n\t\t\t\t\t\t\t\t\t\t\t\t<label for=\"form-field-field_89dd3f8\" class=\"elementor-field-label\">\n\t\t\t\t\t\t\t\tTypes d'activit\u00e9s\t\t\t\t\t\t\t<\/label>\n\t\t\t\t\t\t<div class=\"elementor-field-subgroup  elementor-subgroup-inline\"><span class=\"elementor-field-option\"><input type=\"checkbox\" value=\"Danse polyn\u00e9sienne (autorisation parentale si enfant mineur - attestation m\u00e9dicale (validit\u00e9 1 an) ou certificat m\u00e9dical d&#039;aptitude physique - validit\u00e9 3 ans)\" id=\"form-field-field_89dd3f8-0\" name=\"form_fields[field_89dd3f8][]\"> <label for=\"form-field-field_89dd3f8-0\">Danse polyn\u00e9sienne (autorisation parentale si enfant mineur - attestation m\u00e9dicale (validit\u00e9 1 an) ou certificat m\u00e9dical d'aptitude physique - validit\u00e9 3 ans)<\/label><\/span><span class=\"elementor-field-option\"><input type=\"checkbox\" value=\"Randonn\u00e9es tr\u00e8s tranquilles (RTT) \" id=\"form-field-field_89dd3f8-1\" name=\"form_fields[field_89dd3f8][]\"> <label for=\"form-field-field_89dd3f8-1\">Randonn\u00e9es tr\u00e8s tranquilles (RTT) <\/label><\/span><span class=\"elementor-field-option\"><input type=\"checkbox\" value=\"Repas et sorties \u00e0 th\u00e8me\" id=\"form-field-field_89dd3f8-2\" name=\"form_fields[field_89dd3f8][]\"> <label for=\"form-field-field_89dd3f8-2\">Repas et sorties \u00e0 th\u00e8me<\/label><\/span><\/div>\t\t\t\t<\/div>\n\t\t\t\t\t\t\t\t<div class=\"elementor-field-type-textarea elementor-field-group elementor-column elementor-field-group-message elementor-col-50\">\n\t\t\t\t\t\t\t\t\t\t\t\t<label for=\"form-field-message\" class=\"elementor-field-label\">\n\t\t\t\t\t\t\t\tMessage\t\t\t\t\t\t\t<\/label>\n\t\t\t\t\t\t<textarea class=\"elementor-field-textual elementor-field  elementor-size-xl\" name=\"form_fields[message]\" id=\"form-field-message\" rows=\"4\" placeholder=\"Message\"><\/textarea>\t\t\t\t<\/div>\n\t\t\t\t\t\t\t\t<div class=\"elementor-field-type-recaptcha_v3 elementor-field-group elementor-column elementor-field-group-field_acabae8 elementor-col-100 recaptcha_v3-bottomright\">\n\t\t\t\t\t<div class=\"elementor-field\" id=\"form-field-field_acabae8\"><div class=\"elementor-g-recaptcha\" data-sitekey=\"6Ld6Yc4UAAAAAHe2duEimPPtGqEioz7Kar7vM_da\" data-type=\"v3\" data-action=\"Form\" data-badge=\"bottomright\" data-size=\"invisible\"><\/div><\/div>\t\t\t\t<\/div>\n\t\t\t\t\t\t\t\t<div class=\"elementor-field-group elementor-column elementor-field-type-submit elementor-col-100 e-form__buttons\">\n\t\t\t\t\t<button class=\"elementor-button elementor-size-sm\" type=\"submit\">\n\t\t\t\t\t\t<span class=\"elementor-button-content-wrapper\">\n\t\t\t\t\t\t\t\t\t\t\t\t\t\t\t\t\t\t\t\t\t\t<span class=\"elementor-button-text\">Envoyer<\/span>\n\t\t\t\t\t\t\t\t\t\t\t\t\t<\/span>\n\t\t\t\t\t<\/button>\n\t\t\t\t<\/div>\n\t\t\t<\/div>\n\t\t<\/form>\n\t\t\t\t\t\t<\/div>\n\t\t\t\t\t<\/div>\n\t\t<\/div>\n\t\t\t\t\t<\/div>\n\t\t<\/section>\n\t\t\t\t<section class=\"elementor-section elementor-top-section elementor-element elementor-element-77faaea elementor-section-boxed elementor-section-height-default elementor-section-height-default\" data-id=\"77faaea\" data-element_type=\"section\" data-e-type=\"section\" data-settings=\"{&quot;_ha_eqh_enable&quot;:false}\">\n\t\t\t\t\t\t<div class=\"elementor-container elementor-column-gap-default\">\n\t\t\t\t\t<div class=\"elementor-column elementor-col-100 elementor-top-column elementor-element elementor-element-c2bbec6\" data-id=\"c2bbec6\" data-element_type=\"column\" data-e-type=\"column\">\n\t\t\t<div class=\"elementor-widget-wrap\">\n\t\t\t\t\t\t\t<\/div>\n\t\t<\/div>\n\t\t\t\t\t<\/div>\n\t\t<\/section>\n\t\t\t\t<\/div>\n\t\t","protected":false},"excerpt":{"rendered":"<p>INFO\u00a0 PAR D\u00c9LIB\u00c9RATION DU CONSEIL LE 30 JANVIER 2025 : LES CH\u00c8QUES BANCAIRES NE SONT PLUS ACCEPT\u00c9S POUR TOUTES SORTES DE PAIEMENT (ACTIVIT\u00c9, COTISATION, S\u00c9JOUR, ETC&#8230;) Respect des r\u00e8gles sanitaires [&hellip;]<\/p>\n","protected":false},"author":1,"featured_media":33983,"parent":0,"menu_order":0,"comment_status":"closed","ping_status":"closed","template":"","meta":{"ngg_post_thumbnail":0,"footnotes":""},"class_list":["post-48698","page","type-page","status-publish","has-post-thumbnail","hentry"],"_links":{"self":[{"href":"https:\/\/tiare-guidelois.fr\/site\/wp-json\/wp\/v2\/pages\/48698","targetHints":{"allow":["GET"]}}],"collection":[{"href":"https:\/\/tiare-guidelois.fr\/site\/wp-json\/wp\/v2\/pages"}],"about":[{"href":"https:\/\/tiare-guidelois.fr\/site\/wp-json\/wp\/v2\/types\/page"}],"author":[{"embeddable":true,"href":"https:\/\/tiare-guidelois.fr\/site\/wp-json\/wp\/v2\/users\/1"}],"replies":[{"embeddable":true,"href":"https:\/\/tiare-guidelois.fr\/site\/wp-json\/wp\/v2\/comments?post=48698"}],"version-history":[{"count":5,"href":"https:\/\/tiare-guidelois.fr\/site\/wp-json\/wp\/v2\/pages\/48698\/revisions"}],"predecessor-version":[{"id":63580,"href":"https:\/\/tiare-guidelois.fr\/site\/wp-json\/wp\/v2\/pages\/48698\/revisions\/63580"}],"wp:featuredmedia":[{"embeddable":true,"href":"https:\/\/tiare-guidelois.fr\/site\/wp-json\/wp\/v2\/media\/33983"}],"wp:attachment":[{"href":"https:\/\/tiare-guidelois.fr\/site\/wp-json\/wp\/v2\/media?parent=48698"}],"curies":[{"name":"wp","href":"https:\/\/api.w.org\/{rel}","templated":true}]}}