{"id":16215,"date":"2020-10-18T11:04:00","date_gmt":"2020-10-18T09:04:00","guid":{"rendered":"http:\/\/tiare-guidelois.fr\/site\/?page_id=16215"},"modified":"2024-06-10T19:12:48","modified_gmt":"2024-06-10T17:12:48","slug":"16215-2","status":"publish","type":"page","link":"https:\/\/tiare-guidelois.fr\/site\/lasso\/16215-2\/","title":{"rendered":"LA RTT"},"content":{"rendered":"\t\t<div data-elementor-type=\"wp-page\" data-elementor-id=\"16215\" class=\"elementor elementor-16215\" data-elementor-settings=\"{&quot;ha_cmc_init_switcher&quot;:&quot;no&quot;}\" data-elementor-post-type=\"page\">\n\t\t\t\t\t\t<section class=\"elementor-section elementor-top-section elementor-element elementor-element-2fe8de38 elementor-section-boxed elementor-section-height-default elementor-section-height-default\" data-id=\"2fe8de38\" data-element_type=\"section\" data-e-type=\"section\" data-settings=\"{&quot;_ha_eqh_enable&quot;:false}\">\n\t\t\t\t\t\t<div class=\"elementor-container elementor-column-gap-default\">\n\t\t\t\t\t<div class=\"elementor-column elementor-col-100 elementor-top-column elementor-element elementor-element-7b3e4f9f\" data-id=\"7b3e4f9f\" data-element_type=\"column\" data-e-type=\"column\">\n\t\t\t<div class=\"elementor-widget-wrap elementor-element-populated\">\n\t\t\t\t\t\t<div class=\"elementor-element elementor-element-65dfde42 elementor-widget elementor-widget-text-editor\" data-id=\"65dfde42\" data-element_type=\"widget\" data-e-type=\"widget\" data-widget_type=\"text-editor.default\">\n\t\t\t\t\t\t\t\t\t<p align=\"left\"><span style=\"font-family: 'book antiqua', palatino;\"><span style=\"font-family: georgia, palatino; font-size: small;\"><img decoding=\"async\" class=\" alignleft\" src=\"http:\/\/www.gitedebrandeville.com\/images\/randonneur.png\" alt=\"\" \/><span style=\"font-size: 12pt; font-family: 'trebuchet ms', geneva, sans-serif; color: #800000;\">La RTT (Randonn\u00e9e Tr\u00e8s Tranquille) est une des activit\u00e9s propos\u00e9es par l\u2019association depuis 2012.<\/span><\/span><\/span><span style=\"font-family: 'trebuchet ms', geneva, sans-serif; font-size: 12pt; color: #800000;\">Organis\u00e9e d\u2019une fa\u00e7on ponctuelle, il n\u2019y a pas de calendrier \u00e9tabli. Le rythme \u00a0\u00e0 moins de 4 km\/h sur un parcours de 8 \u00e0 10 km, est propos\u00e9. Le choix et la date sont sugg\u00e9r\u00e9s \u00e0 tous les adh\u00e9rents, par mail ou SMS, il n\u2019y a pas de convocation papier.<\/span><\/p><p align=\"left\"><span style=\"font-family: 'trebuchet ms', geneva, sans-serif; font-size: 12pt; color: #800000;\">Les principales caract\u00e9ristiques de la randonn\u00e9e (lieu de rendez-vous, longueur, trac\u00e9 de l\u2019itin\u00e9raire, dur\u00e9e estim\u00e9e, difficult\u00e9s, balisage\u2026) sont disponibles sur le site internet de l\u2019association\u00a0 http:\/\/tiare-guidelois.fr<\/span><\/p><p align=\"left\"><span style=\"font-family: 'trebuchet ms', geneva, sans-serif; font-size: 12pt; color: #800000;\">Plac\u00e9s sous la d\u00e9pendance par d\u00e9faut du pr\u00e9sident et du duo \u00ab\u00a0animateur RTT\u00a0\u00bb choisi, les participants se doivent d&rsquo;observer quelques r\u00e8gles\u00a0:<\/span><\/p><p align=\"left\"><span style=\"font-family: 'trebuchet ms', geneva, sans-serif; font-size: 12pt; color: #800000;\">a) 48 heures \u00e0 l\u2019avance, <span style=\"font-size: 14pt; font-family: 'trebuchet ms', geneva, sans-serif;\"><span style=\"vertical-align: inherit;\">Contact Dany LE NOZA\u00cfC (<a href=\"tel:+33781968464\" target=\"_blank\" rel=\"noopener\"><span dir=\"ltr\" data-tooltip=\"Appeler (+33781968464)\">07 81 96 84 64<\/span><\/a>)<\/span><\/span>\u00a0afin de quantifier la collation ou le repas.<\/span><\/p><p align=\"left\"><span style=\"font-family: 'trebuchet ms', geneva, sans-serif; font-size: 12pt; color: #800000;\">b) Tout adh\u00e9rent s\u2019assure qu\u2019il est apte m\u00e9dicalement \u00e0 la pratique de la randonn\u00e9e p\u00e9destre ; il peut inviter une personne de son choix (en participant aux frais et sous sa propre responsabilit\u00e9.)<a href=\"https:\/\/tiare-guidelois.fr\/site\/wp-content\/uploads\/2024\/05\/Les_principaux_types_de_balisages_de_randonnes.png\"><img fetchpriority=\"high\" decoding=\"async\" class=\"size-large wp-image-56956 alignright\" src=\"https:\/\/tiare-guidelois.fr\/site\/wp-content\/uploads\/2024\/05\/Les_principaux_types_de_balisages_de_randonnes-400x307.png\" alt=\"\" width=\"400\" height=\"307\" \/><\/a><\/span><\/p><p align=\"left\"><span style=\"font-family: 'trebuchet ms', geneva, sans-serif; font-size: 12pt; color: #800000;\">c) \u00a0Le covoiturage est conseill\u00e9, sauf en cas de crise sanitaire (ex : Covid). Le covoiturage peut impliquer un d\u00e9dommagement du chauffeur. L&rsquo;association n\u2019est pas responsable de tout accident pouvant survenir au cours du d\u00e9placement.<\/span><\/p><p align=\"left\"><span style=\"font-family: 'trebuchet ms', geneva, sans-serif; font-size: 12pt; color: #800000;\">d) Suivant les caract\u00e9ristiques de la randonn\u00e9e, une contribution culinaire ou financi\u00e8re peut \u00eatre demand\u00e9e.<\/span><\/p><p align=\"left\"><span style=\"font-family: 'trebuchet ms', geneva, sans-serif; font-size: 12pt; color: #800000;\">e) Un niveau de difficult\u00e9 sera annot\u00e9 \u00e0 chaque randonn\u00e9e du programme (vert = facile, orange = moyenne difficult\u00e9, rouge = difficile). Le kilom\u00e9trage total de la randonn\u00e9e sera \u00e9galement sp\u00e9cifi\u00e9. Le parcours pourra \u00eatre modifi\u00e9 ou la randonn\u00e9e annul\u00e9e en fonction des \u00e9v\u00e9nements climatiques ou autres. Le responsable peut refuser un participant mal \u00e9quip\u00e9 ou susceptible de g\u00eaner le d\u00e9roulement de la randonn\u00e9e. <br \/><\/span><\/p><p align=\"left\"><span style=\"font-family: 'trebuchet ms', geneva, sans-serif; font-size: 12pt; color: #800000;\">f) Les membres qui participent aux sorties rev\u00eatiront une tenue compatible avec la randonn\u00e9e p\u00e9destre, en particulier en ce qui concerne les chaussures et les v\u00eatements de pluie. Sans oublier de quoi pouvoir s\u2019hydrater. Les propri\u00e9taires doivent tenir leur animal sous contr\u00f4le en permanence.<br \/><\/span><\/p><p align=\"left\"><span style=\"font-family: 'trebuchet ms', geneva, sans-serif; font-size: 12pt; color: #800000;\">g) Ils respecteront les ordres des \u00a0animateurs en mati\u00e8re de s\u00e9curit\u00e9, d\u2019itin\u00e9raire, d\u2019attente des membres attard\u00e9s, et\u00a0 les arr\u00eats. Des \u00a0brassards fluorescents sont d\u00e9livr\u00e9s et doivent \u00eatre port\u00e9s avant \u00a0le d\u00e9part. Suivant les circonstances, un jeu de talkie-walkie est propos\u00e9.<\/span><\/p><p align=\"left\"><span style=\"font-family: 'trebuchet ms', geneva, sans-serif; font-size: 12pt; color: #800000;\">h) Un \u00ab\u00a0animateur de t\u00eate\u00a0\u00bb oriente le groupe &amp; pr\u00e9vient des dangers ou difficult\u00e9s.<\/span><\/p><p><span style=\"font-family: 'trebuchet ms', geneva, sans-serif; font-size: 12pt; color: #800000;\">i) \u00a0Un \u00ab\u00a0animateur-serre-file\u00a0\u00bb marche en derni\u00e8re position et r\u00e9gule la marche par l\u2019arri\u00e8re. Son r\u00f4le est capital. En aucun cas le serre-file ne doit laisser des personnes derri\u00e8re lui sans en \u00eatre pr\u00e9venu.<\/span><\/p><p align=\"left\"><span style=\"font-family: 'trebuchet ms', geneva, sans-serif; font-size: 12pt; color: #800000;\">j) Recommandations\u00a0 pour\u00a0 marcher en groupe organis\u00e9\u00a0:<\/span><\/p><ol><li><span style=\"font-family: 'trebuchet ms', geneva, sans-serif; font-size: 12pt; color: #800000;\">Cas d\u2019un groupe de moins de 20 personnes\u00a0: vous devez vous d\u00e9placer sur le bord droit de la chauss\u00e9e en colonne par deux et\u00a0 veiller \u00e0 laisser libre au moins toute la partie gauche de la chauss\u00e9e, pour permettre le d\u00e9passement des v\u00e9hicules (article R.412-42). Si toutefois, hors agglom\u00e9ration, vous avancez en colonne par un, vous devez vous d\u00e9placer sur le bord gauche de la chauss\u00e9e, sauf si cela est de nature \u00e0 compromettre votre s\u00e9curit\u00e9 ou sauf circonstances particuli\u00e8res.<\/span><\/li><li><span style=\"font-family: 'trebuchet ms', geneva, sans-serif; font-size: 12pt; color: #800000;\">Cas d\u2019un groupe plus important\u00a0(plus de 20 personnes)\u00a0: il vous est recommand\u00e9 de le scinder en plusieurs groupes. \u00c0 l\u2019int\u00e9rieur de chaque groupe, d\u00e9placez-vous \u00e9galement en colonne par deux, sur le bord droit de la chauss\u00e9e. Chaque groupe ne doit pas occuper plus de 20 m de longueur. Conservez enfin un intervalle de 50 m entre chaque groupe, pour faciliter l\u00e0 aussi le d\u00e9passement par les v\u00e9hicules.<\/span><\/li><\/ol><p><span style=\"font-family: 'trebuchet ms', geneva, sans-serif; font-size: 12pt; color: #800000;\"> <img decoding=\"async\" class=\"\" src=\"http:\/\/www.moulindeschviller.fr\/images\/big_randonnee.png\" alt=\"Bienvenue sur le site du moulin d'Eschviller\" width=\"322\" height=\"135\" \/><\/span><\/p><p style=\"text-align: justify;\" align=\"center\"><span style=\"font-family: 'trebuchet ms', geneva, sans-serif; font-size: 12pt; color: #800000;\"><b>\u00c0 l\u2019issue de la randonn\u00e9e, pour le bon d\u00e9roulement de la saison, un nouveau duo d\u2019animateurs est pr\u00e9sent\u00e9 en vue du prochain rendez-vous. \u00c0 lui de soumettre, reconna\u00eetre le parcours &amp; de fixer la date de la prochaine RTT, de pr\u00e9voir le lieu du d\u00e9briefing.<\/b><\/span><\/p>\t\t\t\t\t\t\t\t<\/div>\n\t\t\t\t\t<\/div>\n\t\t<\/div>\n\t\t\t\t\t<\/div>\n\t\t<\/section>\n\t\t\t\t<section class=\"elementor-section elementor-top-section elementor-element elementor-element-8dbb628 elementor-section-boxed elementor-section-height-default elementor-section-height-default\" data-id=\"8dbb628\" data-element_type=\"section\" data-e-type=\"section\" data-settings=\"{&quot;_ha_eqh_enable&quot;:false}\">\n\t\t\t\t\t\t<div class=\"elementor-container elementor-column-gap-default\">\n\t\t\t\t\t<div class=\"elementor-column elementor-col-100 elementor-top-column elementor-element elementor-element-e5b2403\" data-id=\"e5b2403\" data-element_type=\"column\" data-e-type=\"column\">\n\t\t\t<div class=\"elementor-widget-wrap elementor-element-populated\">\n\t\t\t\t\t\t<div class=\"elementor-element elementor-element-6e66340 elementor-widget elementor-widget-html\" data-id=\"6e66340\" data-element_type=\"widget\" data-e-type=\"widget\" data-widget_type=\"html.default\">\n\t\t\t\t\t<iframe src=\"https:\/\/www.google.com\/maps\/d\/u\/1\/embed?mid=1DAy8y80SjW4B4QXanxNm0aB7DAicfICX\" width=\"640\" height=\"480\"><\/iframe>\t\t\t\t<\/div>\n\t\t\t\t\t<\/div>\n\t\t<\/div>\n\t\t\t\t\t<\/div>\n\t\t<\/section>\n\t\t\t\t<\/div>\n\t\t","protected":false},"excerpt":{"rendered":"<p>La RTT (Randonn\u00e9e Tr\u00e8s Tranquille) est une des activit\u00e9s propos\u00e9es par l\u2019association depuis 2012.Organis\u00e9e d\u2019une fa\u00e7on ponctuelle, il n\u2019y a pas de calendrier \u00e9tabli. Le rythme \u00a0\u00e0 moins de 4 [&hellip;]<\/p>\n","protected":false},"author":1,"featured_media":0,"parent":6211,"menu_order":0,"comment_status":"closed","ping_status":"closed","template":"","meta":{"ngg_post_thumbnail":0,"footnotes":""},"class_list":["post-16215","page","type-page","status-publish","hentry"],"_links":{"self":[{"href":"https:\/\/tiare-guidelois.fr\/site\/wp-json\/wp\/v2\/pages\/16215","targetHints":{"allow":["GET"]}}],"collection":[{"href":"https:\/\/tiare-guidelois.fr\/site\/wp-json\/wp\/v2\/pages"}],"about":[{"href":"https:\/\/tiare-guidelois.fr\/site\/wp-json\/wp\/v2\/types\/page"}],"author":[{"embeddable":true,"href":"https:\/\/tiare-guidelois.fr\/site\/wp-json\/wp\/v2\/users\/1"}],"replies":[{"embeddable":true,"href":"https:\/\/tiare-guidelois.fr\/site\/wp-json\/wp\/v2\/comments?post=16215"}],"version-history":[{"count":3,"href":"https:\/\/tiare-guidelois.fr\/site\/wp-json\/wp\/v2\/pages\/16215\/revisions"}],"predecessor-version":[{"id":56968,"href":"https:\/\/tiare-guidelois.fr\/site\/wp-json\/wp\/v2\/pages\/16215\/revisions\/56968"}],"up":[{"embeddable":true,"href":"https:\/\/tiare-guidelois.fr\/site\/wp-json\/wp\/v2\/pages\/6211"}],"wp:attachment":[{"href":"https:\/\/tiare-guidelois.fr\/site\/wp-json\/wp\/v2\/media?parent=16215"}],"curies":[{"name":"wp","href":"https:\/\/api.w.org\/{rel}","templated":true}]}}