{"id":16096,"date":"2019-11-06T13:05:08","date_gmt":"2019-11-06T12:05:08","guid":{"rendered":"http:\/\/tiare-guidelois.fr\/site\/?page_id=16096"},"modified":"2025-02-06T10:51:35","modified_gmt":"2025-02-06T09:51:35","slug":"inscription-aux-activites","status":"publish","type":"page","link":"https:\/\/tiare-guidelois.fr\/site\/inscription-aux-activites\/","title":{"rendered":"Mode de paiement des activit\u00e9s"},"content":{"rendered":"\t\t<div data-elementor-type=\"wp-page\" data-elementor-id=\"16096\" class=\"elementor elementor-16096\" data-elementor-settings=\"{&quot;ha_cmc_init_switcher&quot;:&quot;no&quot;}\" data-elementor-post-type=\"page\">\n\t\t\t\t\t\t<section class=\"elementor-section elementor-top-section elementor-element elementor-element-3680f59 elementor-section-boxed elementor-section-height-default elementor-section-height-default\" data-id=\"3680f59\" data-element_type=\"section\" data-e-type=\"section\" data-settings=\"{&quot;_ha_eqh_enable&quot;:false}\">\n\t\t\t\t\t\t<div class=\"elementor-container elementor-column-gap-default\">\n\t\t\t\t\t<div class=\"elementor-column elementor-col-100 elementor-top-column elementor-element elementor-element-e8b0c6e\" data-id=\"e8b0c6e\" data-element_type=\"column\" data-e-type=\"column\">\n\t\t\t<div class=\"elementor-widget-wrap elementor-element-populated\">\n\t\t\t\t\t\t<div class=\"elementor-element elementor-element-1419fb9 elementor-widget elementor-widget-heading\" data-id=\"1419fb9\" data-element_type=\"widget\" data-e-type=\"widget\" data-widget_type=\"heading.default\">\n\t\t\t\t\t<h2 class=\"elementor-heading-title elementor-size-default\">Attention : toute inscription - hors RTT single - doit \u00eatre suivie de son r\u00e8glement sous 48 h pour \u00eatre valid\u00e9e \ud83d\ude42<\/h2>\t\t\t\t<\/div>\n\t\t\t\t\t<\/div>\n\t\t<\/div>\n\t\t\t\t\t<\/div>\n\t\t<\/section>\n\t\t\t\t<section class=\"elementor-section elementor-top-section elementor-element elementor-element-d0a3b04 elementor-section-boxed elementor-section-height-default elementor-section-height-default\" data-id=\"d0a3b04\" data-element_type=\"section\" data-e-type=\"section\" data-settings=\"{&quot;_ha_eqh_enable&quot;:false}\">\n\t\t\t\t\t\t<div class=\"elementor-container elementor-column-gap-default\">\n\t\t\t\t\t<div class=\"elementor-column elementor-col-33 elementor-top-column elementor-element elementor-element-c22ddca\" data-id=\"c22ddca\" data-element_type=\"column\" data-e-type=\"column\">\n\t\t\t<div class=\"elementor-widget-wrap elementor-element-populated\">\n\t\t\t\t\t\t<div class=\"elementor-element elementor-element-7ca158e elementor-widget__width-initial ha-has-bg-overlay elementor-widget elementor-widget-heading\" data-id=\"7ca158e\" data-element_type=\"widget\" data-e-type=\"widget\" data-widget_type=\"heading.default\">\n\t\t\t\t\t<h2 class=\"elementor-heading-title elementor-size-default\"><font style=\"vertical-align: inherit\"><font style=\"vertical-align: inherit\">Pour la gestion de la tr\u00e9sorerie, tout adh\u00e9rent ayant des invit\u00e9s doit solder en son nom l'inscription de ses derniers (conform\u00e9m\u00e9nt \u00e0 l'article 6 du r\u00e8glement int\u00e9rieur). Adresse postale du si\u00e8ge social : <\/font><\/font><font style=\"vertical-align: inherit\"><font style=\"vertical-align: inherit\"><\/font><\/font> Association Tiar\u00e9 Guid\u00e9lois, 14 rue Ker-H\u00e9ol 56520 GUIDEL<\/h2>\t\t\t\t<\/div>\n\t\t\t\t\t<\/div>\n\t\t<\/div>\n\t\t\t\t<div class=\"elementor-column elementor-col-33 elementor-top-column elementor-element elementor-element-8c71617\" data-id=\"8c71617\" data-element_type=\"column\" data-e-type=\"column\">\n\t\t\t<div class=\"elementor-widget-wrap elementor-element-populated\">\n\t\t\t\t\t\t<div class=\"elementor-element elementor-element-a96b59b elementor-widget elementor-widget-text-editor\" data-id=\"a96b59b\" data-element_type=\"widget\" data-e-type=\"widget\" data-widget_type=\"text-editor.default\">\n\t\t\t\t\t\t\t\t\t<ul><li><span style=\"font-size: 18pt; color: #800000;\"><strong><span style=\"font-family: 'trebuchet ms', geneva, sans-serif;\">SUIVANT LE TYPE D&rsquo;ACTIVIT\u00c9S, PLUSIEURS TYPES DE R\u00c8GLEMENT PEUVENT S&rsquo;EFFECTUER :\u00a0<\/span><\/strong><\/span><\/li><li><span style=\"font-size: 18pt; color: #800000;\"><strong><span style=\"font-family: 'trebuchet ms', geneva, sans-serif;\">CARTE BANCAIRE via un terminal ou 1 site.\u00a0<\/span><\/strong><\/span><\/li><li><span style=\"font-size: 18pt; color: #800000;\"><strong><span style=\"font-family: 'trebuchet ms', geneva, sans-serif;\">CARTE PR\u00c9PAY\u00c9E (&lt; 20 \u20ac)<\/span><\/strong><\/span><\/li><li><span style=\"font-size: 18pt; color: #800000;\"><strong><span style=\"font-family: 'trebuchet ms', geneva, sans-serif;\">ESP\u00c8CES (&lt; 50 \u20ac)<\/span><\/strong><\/span><\/li><li><span style=\"font-size: 18pt; color: #800000;\"><strong><span style=\"font-family: 'trebuchet ms', geneva, sans-serif;\">VIREMENT BANCAIRE (PL\u00c9BISCIT\u00c9 PAR LA TR\u00c9SORERIE). IBAN fourni sur demande.<\/span><\/strong><\/span><\/li><li><span style=\"font-size: 18pt; color: #ff0000; background-color: #ffff00;\"><strong><span style=\"font-family: 'trebuchet ms', geneva, sans-serif;\">LES CH\u00c8QUES BANCAIRES NE SONT PLUS ACCEPT\u00c9S !<\/span><\/strong><\/span><\/li><\/ul><p><span style=\"font-size: 18pt; color: #800000;\"><strong><span style=\"font-family: 'trebuchet ms', geneva, sans-serif;\">\u00a0LES POSSIBILIT\u00c9S SONT INDIQU\u00c9ES \u00c0 CHAQUE \u00c9V\u00c9NEMENT.<\/span><\/strong><\/span><\/p>\t\t\t\t\t\t\t\t<\/div>\n\t\t\t\t\t<\/div>\n\t\t<\/div>\n\t\t\t\t<div class=\"elementor-column elementor-col-33 elementor-top-column elementor-element elementor-element-6ccb8e4\" data-id=\"6ccb8e4\" data-element_type=\"column\" data-e-type=\"column\">\n\t\t\t<div class=\"elementor-widget-wrap elementor-element-populated\">\n\t\t\t\t\t\t<div class=\"elementor-element elementor-element-f93057b elementor-widget elementor-widget-image\" data-id=\"f93057b\" data-element_type=\"widget\" data-e-type=\"widget\" data-widget_type=\"image.default\">\n\t\t\t\t\t\t\t\t\t\t\t\t<figure class=\"wp-caption\">\n\t\t\t\t\t\t\t\t\t\t<img decoding=\"async\" src=\"https:\/\/tiare-guidelois.fr\/wp-content\/uploads\/2025\/02\/Moyens-de-paiement-2025-1.jpg\" title=\"\" alt=\"\" loading=\"lazy\" \/>\t\t\t\t\t\t\t\t\t\t\t<figcaption class=\"widget-image-caption wp-caption-text\">EXEMPLE<\/figcaption>\n\t\t\t\t\t\t\t\t\t\t<\/figure>\n\t\t\t\t\t\t\t\t\t<\/div>\n\t\t\t\t\t<\/div>\n\t\t<\/div>\n\t\t\t\t\t<\/div>\n\t\t<\/section>\n\t\t\t\t<section class=\"elementor-section elementor-top-section elementor-element elementor-element-155427d elementor-section-boxed elementor-section-height-default elementor-section-height-default\" data-id=\"155427d\" data-element_type=\"section\" data-e-type=\"section\" data-settings=\"{&quot;_ha_eqh_enable&quot;:false}\">\n\t\t\t\t\t\t<div class=\"elementor-container elementor-column-gap-default\">\n\t\t\t\t\t<div class=\"elementor-column elementor-col-100 elementor-top-column elementor-element elementor-element-bc5f8ef\" data-id=\"bc5f8ef\" data-element_type=\"column\" data-e-type=\"column\">\n\t\t\t<div class=\"elementor-widget-wrap elementor-element-populated\">\n\t\t\t\t\t\t<div class=\"elementor-element elementor-element-7b29802 elementor-widget elementor-widget-text-editor\" data-id=\"7b29802\" data-element_type=\"widget\" data-e-type=\"widget\" data-widget_type=\"text-editor.default\">\n\t\t\t\t\t\t\t\t\t<p>\u00a0<\/p><h1><span style=\"background-color: #ffff00; color: #800000;\"><strong><span style=\"vertical-align: inherit;\"><span style=\"vertical-align: inherit;\"><span style=\"vertical-align: inherit;\"><span style=\"vertical-align: inherit;\">1 seul virement par activit\u00e9 !<\/span><\/span><\/span><\/span><\/strong><\/span><\/h1><p><span style=\"font-family: 'trebuchet ms', geneva, sans-serif; font-size: 18pt; color: #800000;\"><span style=\"vertical-align: inherit;\"><span style=\"vertical-align: inherit;\">Nous vous offrons\u00a0la possibilit\u00e9 d&rsquo;effectuer le r\u00e8glement des activit\u00e9s organis\u00e9es par l&rsquo;association &amp; auxquelles vous participez,\u00a0par virement, via le site de votre banque (Cr\u00e9dit Agricole, Soci\u00e9t\u00e9 G\u00e9n\u00e9rale, Cr\u00e9dit Mutuel, etc&#8230;). Plusieurs personnes ont d\u00e9j\u00e0\u00a0test\u00e9 avec succ\u00e8s, ce mode de paiement tr\u00e8s pratique !<\/span><\/span><\/span><\/p><h5><span style=\"font-size: 14pt; color: #800000;\"><strong><span style=\"font-family: 'trebuchet ms', geneva, sans-serif;\"><span style=\"vertical-align: inherit;\"><span style=\"vertical-align: inherit;\">&gt; Les raisons d&rsquo;adh\u00e9rer \u00e0 ce service&#8230;\u00a0<\/span><\/span><\/span><\/strong><\/span><\/h5><h6><span style=\"font-family: 'trebuchet ms', geneva, sans-serif; font-size: 14pt; color: #800000;\"><span style=\"vertical-align: inherit;\"><span style=\"vertical-align: inherit;\">&#8211; <\/span><\/span><strong><span style=\"vertical-align: inherit;\"><span style=\"vertical-align: inherit;\">S\u00c9CURIS\u00c9<\/span><\/span><\/strong><span style=\"vertical-align: inherit;\"><span style=\"vertical-align: inherit;\"> (pas d&rsquo;int\u00e9gration de vos coordonn\u00e9es ou de risque de perte\u00a0de ch\u00e8que).<\/span><\/span><\/span><\/h6><h6><span style=\"font-family: 'trebuchet ms', geneva, sans-serif; font-size: 14pt; color: #800000;\"><span style=\"vertical-align: inherit;\"><span style=\"vertical-align: inherit;\">&#8211; <\/span><\/span><strong><span style=\"vertical-align: inherit;\"><span style=\"vertical-align: inherit;\">GRATUIT<\/span><\/span><\/strong><span style=\"vertical-align: inherit;\"><span style=\"vertical-align: inherit;\"> (pas de frais de transfert ou postal).<\/span><\/span><\/span><\/h6><h6><span style=\"font-family: 'trebuchet ms', geneva, sans-serif; font-size: 14pt; color: #800000;\"><span style=\"vertical-align: inherit;\"><span style=\"vertical-align: inherit;\">&#8211; <\/span><\/span><strong><span style=\"vertical-align: inherit;\"><span style=\"vertical-align: inherit;\">FACILE\/RAPIDE<\/span><\/span><\/strong><span style=\"vertical-align: inherit;\"><span style=\"vertical-align: inherit;\"> (pas de courrier \u00e0 nous exp\u00e9dier;\u00a0juste un indicateur par <\/span><\/span><strong><a style=\"color: #800000;\" href=\"http:\/\/tiare-guidelois.fr\/site\/contact-2\/\" target=\"_blank\" rel=\"noopener\"><span style=\"vertical-align: inherit;\"><span style=\"vertical-align: inherit;\">MAIL<\/span><\/span><\/a><\/strong><span style=\"vertical-align: inherit;\"><span style=\"vertical-align: inherit;\">\u00a0&amp; votre inscription est automatiquement prise en compte).<\/span><\/span><\/span><\/h6><h6><span style=\"font-size: 14pt; color: #800000;\"><span style=\"vertical-align: inherit;\"><span style=\"vertical-align: inherit;\">&#8211; <\/span><\/span><strong><span style=\"vertical-align: inherit;\"><span style=\"vertical-align: inherit;\">REMBOURS\u00c9<\/span><\/span><\/strong><span style=\"vertical-align: inherit;\"><span style=\"vertical-align: inherit;\">\u00a0en cas d&rsquo;absence motiv\u00e9e !<\/span><\/span><\/span><\/h6><h6><span style=\"font-size: 14pt; color: #800000;\"><span style=\"vertical-align: inherit;\"><span style=\"vertical-align: inherit;\">&#8211; <\/span><\/span><strong><span style=\"vertical-align: inherit;\"><span style=\"vertical-align: inherit;\">SANS\u00a0CONTRAINTE<\/span><\/span><\/strong><span style=\"vertical-align: inherit;\"><span style=\"vertical-align: inherit;\"> (vous pouvez supprimer le compte b\u00e9n\u00e9ficiaire quand vous voulez).<\/span><\/span><\/span><\/h6><p><span style=\"font-family: 'trebuchet ms', geneva, sans-serif; font-size: 14pt; color: #800000;\"><strong><span style=\"vertical-align: inherit;\"><span style=\"vertical-align: inherit;\">&gt; Le mode d&#8217;emploi :<\/span><\/span><\/strong><span style=\"vertical-align: inherit;\"><span style=\"vertical-align: inherit;\">\u00a0renseignez &#8211; <\/span><\/span><em><span style=\"vertical-align: inherit;\"><span style=\"vertical-align: inherit;\">uniquement lors de votre\u00a0premi\u00e8re utilisation<\/span><\/span><\/em><span style=\"vertical-align: inherit;\"><span style=\"vertical-align: inherit;\"> &#8211; les coordonn\u00e9es <\/span><\/span><strong><span style=\"vertical-align: inherit;\"><span style=\"vertical-align: inherit;\">IBAN<\/span><\/span><\/strong><span style=\"vertical-align: inherit;\"><span style=\"vertical-align: inherit;\">\u00a0ou <\/span><\/span><strong><span style=\"vertical-align: inherit;\"><span style=\"vertical-align: inherit;\">BIC<\/span><\/span><\/strong><span style=\"vertical-align: inherit;\"><span style=\"vertical-align: inherit;\"> du compte associatif :<\/span><\/span><\/span><\/p><table border=\"0\" cellspacing=\"0\" cellpadding=\"0\"><tbody><tr><td valign=\"TOP\"><span class=\"fontParDefaut\" style=\"font-family: 'trebuchet ms', geneva, sans-serif; font-size: 14pt; color: #800000;\"><b><span style=\"vertical-align: inherit;\"><span style=\"vertical-align: inherit;\">Intitul\u00e9 du Compte :<\/span><\/span><\/b><\/span><\/td><td><span class=\"fontParDefaut\" style=\"font-family: 'trebuchet ms', geneva, sans-serif; font-size: 14pt; color: #800000;\"><span style=\"vertical-align: inherit;\"><span style=\"vertical-align: inherit;\">ASSOCIATION TIARE GUIDELOIS <\/span><\/span><\/span><\/td><\/tr><\/tbody><\/table><h6><span class=\"fontParDefaut\" style=\"font-family: 'trebuchet ms', geneva, sans-serif; font-size: 14pt; color: #800000; background-color: #ffff00;\"><b><span style=\"vertical-align: inherit;\"><span style=\"vertical-align: inherit;\">IBAN<\/span><\/span><\/b><span style=\"vertical-align: inherit;\"><span style=\"vertical-align: inherit;\"> (num\u00e9ro de compte bancaire international) sur demande au 06 02 37 68 22<\/span><\/span><\/span><\/h6><h6 style=\"text-align: center;\"><span style=\"color: #800000;\"><strong><span style=\"font-family: 'trebuchet ms', geneva, sans-serif;\"><span style=\"vertical-align: inherit;\"><span style=\"vertical-align: inherit;\">date limite d&rsquo;inscription : pr\u00e9voir 5 jours pour le d\u00e9lai de prise en consid\u00e9ration. Le compte associatif devant \u00eatre cr\u00e9dit\u00e9 pour cette \u00e9ch\u00e9ance.<\/span><\/span><\/span><\/strong><\/span><\/h6><h6><span style=\"font-family: 'trebuchet ms', geneva, sans-serif; font-size: 14pt; background-color: #ffff00; color: #800000;\"><span style=\"vertical-align: inherit;\"><span style=\"vertical-align: inherit;\">Afin d&rsquo;identifier le cr\u00e9diteur et l&rsquo;action int\u00e9ress\u00e9e, lors de la r\u00e9daction des r\u00e9f\u00e9rences li\u00e9es \u00e0 votre virement ; veuillez indiquer :<\/span><\/span><\/span><\/h6><h6><span style=\"font-size: 14pt; background-color: #ffff00; color: #800000;\"><span style=\"font-family: 'trebuchet ms', geneva, sans-serif;\"><span style=\"vertical-align: inherit;\"><span style=\"vertical-align: inherit;\">&#8211; l&rsquo;intitul\u00e9\u00a0&amp;<\/span><\/span><\/span><span style=\"font-family: 'trebuchet ms', geneva, sans-serif;\"><span style=\"vertical-align: inherit;\"><span style=\"vertical-align: inherit;\">\u00a0la date de l&rsquo;activit\u00e9 concern\u00e9e.<\/span><\/span><\/span><\/span><\/h6><h6><span style=\"font-family: 'trebuchet ms', geneva, sans-serif; font-size: 14pt; background-color: #ffff00; color: #800000;\"><span style=\"vertical-align: inherit;\"><span style=\"vertical-align: inherit;\">&#8211; votre nom &amp; pr\u00e9nom.<\/span><\/span><\/span><\/h6><h6><span style=\"font-family: 'trebuchet ms', geneva, sans-serif; font-size: 14pt; background-color: #ffff00; color: #800000;\"><span style=\"vertical-align: inherit;\"><span style=\"vertical-align: inherit;\">&#8211; le nombre de personne participant ou modalit\u00e9s choisies.<\/span><\/span><\/span><\/h6>\t\t\t\t\t\t\t\t<\/div>\n\t\t\t\t\t<\/div>\n\t\t<\/div>\n\t\t\t\t\t<\/div>\n\t\t<\/section>\n\t\t\t\t<\/div>\n\t\t","protected":false},"excerpt":{"rendered":"<p>Attention : toute inscription &#8211; hors RTT single &#8211; doit \u00eatre suivie de son r\u00e8glement sous 48 h pour \u00eatre valid\u00e9e \ud83d\ude42 Pour la gestion de la tr\u00e9sorerie, tout adh\u00e9rent [&hellip;]<\/p>\n","protected":false},"author":1,"featured_media":33757,"parent":0,"menu_order":0,"comment_status":"closed","ping_status":"closed","template":"","meta":{"ngg_post_thumbnail":0,"footnotes":""},"class_list":["post-16096","page","type-page","status-publish","has-post-thumbnail","hentry"],"_links":{"self":[{"href":"https:\/\/tiare-guidelois.fr\/site\/wp-json\/wp\/v2\/pages\/16096","targetHints":{"allow":["GET"]}}],"collection":[{"href":"https:\/\/tiare-guidelois.fr\/site\/wp-json\/wp\/v2\/pages"}],"about":[{"href":"https:\/\/tiare-guidelois.fr\/site\/wp-json\/wp\/v2\/types\/page"}],"author":[{"embeddable":true,"href":"https:\/\/tiare-guidelois.fr\/site\/wp-json\/wp\/v2\/users\/1"}],"replies":[{"embeddable":true,"href":"https:\/\/tiare-guidelois.fr\/site\/wp-json\/wp\/v2\/comments?post=16096"}],"version-history":[{"count":5,"href":"https:\/\/tiare-guidelois.fr\/site\/wp-json\/wp\/v2\/pages\/16096\/revisions"}],"predecessor-version":[{"id":60526,"href":"https:\/\/tiare-guidelois.fr\/site\/wp-json\/wp\/v2\/pages\/16096\/revisions\/60526"}],"wp:featuredmedia":[{"embeddable":true,"href":"https:\/\/tiare-guidelois.fr\/site\/wp-json\/wp\/v2\/media\/33757"}],"wp:attachment":[{"href":"https:\/\/tiare-guidelois.fr\/site\/wp-json\/wp\/v2\/media?parent=16096"}],"curies":[{"name":"wp","href":"https:\/\/api.w.org\/{rel}","templated":true}]}}